{"id":690,"date":"2023-11-20T10:31:53","date_gmt":"2023-11-20T09:31:53","guid":{"rendered":"https:\/\/rroja.com\/?page_id=690"},"modified":"2023-11-20T10:31:53","modified_gmt":"2023-11-20T09:31:53","slug":"shipping-policy","status":"publish","type":"page","link":"https:\/\/rroja.com\/de\/shipping-policy\/","title":{"rendered":"Versandpolitik"},"content":{"rendered":"<p>Lieferkosten und Lieferzeiten<\/p>\n\n\n\n<p><strong>Sichere und zuverl\u00e4ssige Lieferung:<\/strong> Ihre Bestellung wird mit vertrauensw\u00fcrdigen Transportunternehmen wie PostNL oder DHL verschickt. Die Dauer der Lieferung kann je nach Standort variieren. Sobald Ihr Paket unser Haus verl\u00e4sst, erhalten Sie eine E-Mail-Benachrichtigung mit einer Tracking-Nummer. Seien Sie versichert, dass alle unsere Pakete w\u00e4hrend des Transports versichert sind. Es ist wichtig, dass Sie das Paket pers\u00f6nlich in Empfang nehmen, da RROJA Jewels nicht f\u00fcr Pakete verantwortlich gemacht werden kann, die nach der Lieferung verloren gehen oder gestohlen werden. Falls Ihr Paket aufgrund Ihrer Abwesenheit zur\u00fcckgeschickt wird, kann RROJA Jewels Ihnen die Kosten f\u00fcr die erneute Zustellung in Rechnung stellen.<\/p>\n\n\n\n<p><strong>Verlorene Sendungsverfolgungsnummer oder Probleme bei der Zustellung:<\/strong> Wenn Sie keine E-Mail mit Ihrer Sendungsverfolgungsnummer erhalten, \u00fcberpr\u00fcfen Sie bitte Ihren Spam-\/Junk-Ordner. Falls Sie Ihre Sendungsverfolgungsnummer verlieren oder der Lieferstatus \u00fcber einen l\u00e4ngeren Zeitraum unver\u00e4ndert bleibt, z\u00f6gern Sie nicht, unseren Kundendienst zu kontaktieren. Sollten Probleme auftreten, werden wir uns mit dem Spediteur in Verbindung setzen, um das Problem mit so wenig Unannehmlichkeiten wie m\u00f6glich f\u00fcr Sie zu l\u00f6sen.<\/p>\n\n\n\n<p><strong>Inspektion der Verpackung:<\/strong> Bevor Sie die Lieferung annehmen, empfehlen wir Ihnen, Ihr Paket zu \u00fcberpr\u00fcfen. Wenn Sie eine Besch\u00e4digung des Pakets durch den Transport feststellen, ist es ratsam, die Annahme zu verweigern und umgehend eine Reklamation beim Spediteur einzureichen.<\/p>\n\n\n\n<p><strong>Lieferadresse:<\/strong> Bitte beachten Sie, dass unsere Lieferungen nur an physische Wohn- oder Gesch\u00e4ftsadressen erfolgen k\u00f6nnen. Bitte beachten Sie, dass Kuriere keine Pakete an Postf\u00e4cher zustellen k\u00f6nnen und solche Pakete nicht versichert werden k\u00f6nnen. Wenn Sie den Versand an ein Postfach bevorzugen, bitten wir Sie um Verst\u00e4ndnis, dass RROJA Jewels keine Verantwortung f\u00fcr eventuelle Verz\u00f6gerungen, verlorene Pakete oder Adress\u00e4nderungen \u00fcbernehmen kann. Wenn Sie Ihre Bestellung an eine von der Rechnungsadresse abweichende Adresse schicken lassen m\u00f6chten, stellen Sie sicher, dass Sie bei der Bestellung die erforderlichen Lieferdaten angeben.<\/p>\n\n\n\n<p>Aus Sicherheitsgr\u00fcnden ist es wichtig zu wissen, dass die Angaben zur Liefer- und Rechnungsadresse nicht mehr ge\u00e4ndert werden k\u00f6nnen, nachdem Sie eine Bestellung aufgegeben haben. Wenn Sie zum Zeitpunkt der Lieferung nicht an der angegebenen Lieferadresse erreichbar sind, empfehlen wir Ihnen, sich an unseren Kundendienst zu wenden. In bestimmten F\u00e4llen k\u00f6nnen wir die Lieferung verschieben, um Ihrem Zeitplan Rechnung zu tragen.<\/p>","protected":false},"excerpt":{"rendered":"<p>Shipping Costs and Delivery Times Safe and Secure Delivery: Your order will be shipped using trusted carriers such as PostNL or DHL. The delivery duration may vary depending on your location. Once your package leaves our facility, you&#8217;ll receive an email notification with a tracking number. Rest assured, all our packages are insured during transit. [&hellip;]<\/p>\n","protected":false},"author":2,"featured_media":0,"parent":0,"menu_order":0,"comment_status":"closed","ping_status":"closed","template":"","meta":{"footnotes":""},"class_list":["post-690","page","type-page","status-publish","hentry"],"yoast_head":"<!-- This site is optimized with the Yoast SEO Premium plugin v21.8 (Yoast SEO v27.5) - https:\/\/yoast.com\/product\/yoast-seo-premium-wordpress\/ -->\n<title>Shipping Policy - RROJA Jewels<\/title>\n<meta name=\"robots\" content=\"index, follow, max-snippet:-1, max-image-preview:large, max-video-preview:-1\" \/>\n<link rel=\"canonical\" href=\"https:\/\/rroja.com\/de\/shipping-policy\/\" \/>\n<meta property=\"og:locale\" content=\"de_DE\" \/>\n<meta property=\"og:type\" content=\"article\" \/>\n<meta property=\"og:title\" content=\"Shipping Policy\" \/>\n<meta property=\"og:description\" content=\"Shipping Costs and Delivery Times Safe and Secure Delivery: Your order will be shipped using trusted carriers such as PostNL or DHL. The delivery duration may vary depending on your location. Once your package leaves our facility, you&#8217;ll receive an email notification with a tracking number. Rest assured, all our packages are insured during transit. [&hellip;]\" \/>\n<meta property=\"og:url\" content=\"https:\/\/rroja.com\/de\/shipping-policy\/\" \/>\n<meta property=\"og:site_name\" content=\"RROJA Jewels\" \/>\n<meta name=\"twitter:card\" content=\"summary_large_image\" \/>\n<meta name=\"twitter:label1\" content=\"Gesch\u00e4tzte Lesezeit\" \/>\n\t<meta name=\"twitter:data1\" content=\"2\u00a0Minuten\" \/>\n<script type=\"application\/ld+json\" class=\"yoast-schema-graph\">{\"@context\":\"https:\\\/\\\/schema.org\",\"@graph\":[{\"@type\":\"WebPage\",\"@id\":\"https:\\\/\\\/rroja.com\\\/shipping-policy\\\/\",\"url\":\"https:\\\/\\\/rroja.com\\\/shipping-policy\\\/\",\"name\":\"Shipping Policy - RROJA Jewels\",\"isPartOf\":{\"@id\":\"https:\\\/\\\/rroja.com\\\/#website\"},\"datePublished\":\"2023-11-20T09:31:53+00:00\",\"breadcrumb\":{\"@id\":\"https:\\\/\\\/rroja.com\\\/shipping-policy\\\/#breadcrumb\"},\"inLanguage\":\"de\",\"potentialAction\":[{\"@type\":\"ReadAction\",\"target\":[\"https:\\\/\\\/rroja.com\\\/shipping-policy\\\/\"]}]},{\"@type\":\"BreadcrumbList\",\"@id\":\"https:\\\/\\\/rroja.com\\\/shipping-policy\\\/#breadcrumb\",\"itemListElement\":[{\"@type\":\"ListItem\",\"position\":1,\"name\":\"Home\",\"item\":\"https:\\\/\\\/rroja.com\\\/\"},{\"@type\":\"ListItem\",\"position\":2,\"name\":\"Shipping Policy\"}]},{\"@type\":\"WebSite\",\"@id\":\"https:\\\/\\\/rroja.com\\\/#website\",\"url\":\"https:\\\/\\\/rroja.com\\\/\",\"name\":\"RROJA Jewels\",\"description\":\"\",\"publisher\":{\"@id\":\"https:\\\/\\\/rroja.com\\\/#organization\"},\"potentialAction\":[{\"@type\":\"SearchAction\",\"target\":{\"@type\":\"EntryPoint\",\"urlTemplate\":\"https:\\\/\\\/rroja.com\\\/?s={search_term_string}\"},\"query-input\":{\"@type\":\"PropertyValueSpecification\",\"valueRequired\":true,\"valueName\":\"search_term_string\"}}],\"inLanguage\":\"de\"},{\"@type\":\"Organization\",\"@id\":\"https:\\\/\\\/rroja.com\\\/#organization\",\"name\":\"RROJA Jewels\",\"url\":\"https:\\\/\\\/rroja.com\\\/\",\"logo\":{\"@type\":\"ImageObject\",\"inLanguage\":\"de\",\"@id\":\"https:\\\/\\\/rroja.com\\\/#\\\/schema\\\/logo\\\/image\\\/\",\"url\":\"https:\\\/\\\/rroja.com\\\/wp-content\\\/uploads\\\/cropped-Logo_RROJA.png\",\"contentUrl\":\"https:\\\/\\\/rroja.com\\\/wp-content\\\/uploads\\\/cropped-Logo_RROJA.png\",\"width\":470,\"height\":110,\"caption\":\"RROJA Jewels\"},\"image\":{\"@id\":\"https:\\\/\\\/rroja.com\\\/#\\\/schema\\\/logo\\\/image\\\/\"}}]}<\/script>\n<!-- \/ Yoast SEO Premium plugin. -->","yoast_head_json":{"title":"Shipping Policy - RROJA Jewels","robots":{"index":"index","follow":"follow","max-snippet":"max-snippet:-1","max-image-preview":"max-image-preview:large","max-video-preview":"max-video-preview:-1"},"canonical":"https:\/\/rroja.com\/de\/shipping-policy\/","og_locale":"de_DE","og_type":"article","og_title":"Shipping Policy","og_description":"Shipping Costs and Delivery Times Safe and Secure Delivery: Your order will be shipped using trusted carriers such as PostNL or DHL. The delivery duration may vary depending on your location. Once your package leaves our facility, you&#8217;ll receive an email notification with a tracking number. Rest assured, all our packages are insured during transit. [&hellip;]","og_url":"https:\/\/rroja.com\/de\/shipping-policy\/","og_site_name":"RROJA Jewels","twitter_card":"summary_large_image","twitter_misc":{"Gesch\u00e4tzte Lesezeit":"2\u00a0Minuten"},"schema":{"@context":"https:\/\/schema.org","@graph":[{"@type":"WebPage","@id":"https:\/\/rroja.com\/shipping-policy\/","url":"https:\/\/rroja.com\/shipping-policy\/","name":"Shipping Policy - RROJA Jewels","isPartOf":{"@id":"https:\/\/rroja.com\/#website"},"datePublished":"2023-11-20T09:31:53+00:00","breadcrumb":{"@id":"https:\/\/rroja.com\/shipping-policy\/#breadcrumb"},"inLanguage":"de","potentialAction":[{"@type":"ReadAction","target":["https:\/\/rroja.com\/shipping-policy\/"]}]},{"@type":"BreadcrumbList","@id":"https:\/\/rroja.com\/shipping-policy\/#breadcrumb","itemListElement":[{"@type":"ListItem","position":1,"name":"Home","item":"https:\/\/rroja.com\/"},{"@type":"ListItem","position":2,"name":"Shipping Policy"}]},{"@type":"WebSite","@id":"https:\/\/rroja.com\/#website","url":"https:\/\/rroja.com\/","name":"RROJA Jewels","description":"","publisher":{"@id":"https:\/\/rroja.com\/#organization"},"potentialAction":[{"@type":"SearchAction","target":{"@type":"EntryPoint","urlTemplate":"https:\/\/rroja.com\/?s={search_term_string}"},"query-input":{"@type":"PropertyValueSpecification","valueRequired":true,"valueName":"search_term_string"}}],"inLanguage":"de"},{"@type":"Organization","@id":"https:\/\/rroja.com\/#organization","name":"RROJA Jewels","url":"https:\/\/rroja.com\/","logo":{"@type":"ImageObject","inLanguage":"de","@id":"https:\/\/rroja.com\/#\/schema\/logo\/image\/","url":"https:\/\/rroja.com\/wp-content\/uploads\/cropped-Logo_RROJA.png","contentUrl":"https:\/\/rroja.com\/wp-content\/uploads\/cropped-Logo_RROJA.png","width":470,"height":110,"caption":"RROJA Jewels"},"image":{"@id":"https:\/\/rroja.com\/#\/schema\/logo\/image\/"}}]}},"_links":{"self":[{"href":"https:\/\/rroja.com\/de\/wp-json\/wp\/v2\/pages\/690","targetHints":{"allow":["GET"]}}],"collection":[{"href":"https:\/\/rroja.com\/de\/wp-json\/wp\/v2\/pages"}],"about":[{"href":"https:\/\/rroja.com\/de\/wp-json\/wp\/v2\/types\/page"}],"author":[{"embeddable":true,"href":"https:\/\/rroja.com\/de\/wp-json\/wp\/v2\/users\/2"}],"replies":[{"embeddable":true,"href":"https:\/\/rroja.com\/de\/wp-json\/wp\/v2\/comments?post=690"}],"version-history":[{"count":1,"href":"https:\/\/rroja.com\/de\/wp-json\/wp\/v2\/pages\/690\/revisions"}],"predecessor-version":[{"id":691,"href":"https:\/\/rroja.com\/de\/wp-json\/wp\/v2\/pages\/690\/revisions\/691"}],"wp:attachment":[{"href":"https:\/\/rroja.com\/de\/wp-json\/wp\/v2\/media?parent=690"}],"curies":[{"name":"wp","href":"https:\/\/api.w.org\/{rel}","templated":true}]}}