{"id":1304,"date":"2024-01-16T11:33:06","date_gmt":"2024-01-16T10:33:06","guid":{"rendered":"https:\/\/rroja.com\/?page_id=1304"},"modified":"2026-05-12T13:19:32","modified_gmt":"2026-05-12T11:19:32","slug":"shop-gemstones","status":"publish","type":"page","link":"https:\/\/rroja.com\/fr\/shop-gemstones\/","title":{"rendered":"Gemmes"},"content":{"rendered":"<div class=\"wp-block-cover alignfull is-light\"><img fetchpriority=\"high\" decoding=\"async\" width=\"2560\" height=\"550\" class=\"wp-block-cover__image-background wp-image-1334\" alt=\"\" src=\"https:\/\/rroja.com\/wp-content\/uploads\/Rroja_Banner_light-1-scaled.jpg\" data-object-fit=\"cover\" srcset=\"https:\/\/rroja.com\/wp-content\/uploads\/Rroja_Banner_light-1-scaled.jpg 2560w, https:\/\/rroja.com\/wp-content\/uploads\/Rroja_Banner_light-1-300x65.jpg 300w, https:\/\/rroja.com\/wp-content\/uploads\/Rroja_Banner_light-1-1024x220.jpg 1024w, https:\/\/rroja.com\/wp-content\/uploads\/Rroja_Banner_light-1-768x165.jpg 768w, https:\/\/rroja.com\/wp-content\/uploads\/Rroja_Banner_light-1-1536x330.jpg 1536w, https:\/\/rroja.com\/wp-content\/uploads\/Rroja_Banner_light-1-2048x440.jpg 2048w, https:\/\/rroja.com\/wp-content\/uploads\/Rroja_Banner_light-1-600x129.jpg 600w\" sizes=\"(max-width: 2560px) 100vw, 2560px\" \/><span aria-hidden=\"true\" class=\"wp-block-cover__background has-background-dim-0 has-background-dim\" style=\"background-color:#ffffff\"><\/span><div class=\"wp-block-cover__inner-container is-layout-flow wp-block-cover-is-layout-flow\">\n<h5 class=\"wp-block-heading has-text-align-center has-black-color has-text-color\" id=\"h-order-your-gemstones\">COMMANDEZ VOS PIERRES PR\u00c9CIEUSES<\/h5>\n<\/div><\/div>\n\n\n\n<h2 class=\"wp-block-heading alignfull has-text-align-center\" id=\"h-contact-us\"><br>Contactez nous<\/h2>\n\n\n\n<p class=\"has-text-align-center\">Commandez vos DIAMANTS NATURELS - DIAMANTS DE CULTURE LABORALE - PIERRES PREMI\u00c8RES - d'origine \u00e9thique en nous contactant simplement par WhatsApp, t\u00e9l\u00e9phone ou e-mail.<\/p>\n\n\n\n<h2 class=\"wp-block-heading alignfull has-text-align-center\" id=\"h-begin-your-consultation\"><mark style=\"background-color: rgba(0, 0, 0, 0);\" class=\"has-inline-color has-black-color\">Commencez votre consultation<\/mark><\/h2>\n\n\n\n<hr class=\"wp-block-separator has-alpha-channel-opacity is-style-wide\"\/>\n\n\n\n<div class=\"wp-block-columns alignwide is-layout-flex wp-container-core-columns-is-layout-28f84493 wp-block-columns-is-layout-flex\">\n<div class=\"wp-block-column is-layout-flow wp-block-column-is-layout-flow\">\n<h2 class=\"wp-block-heading has-text-align-center\" id=\"h-whatsapp\"><strong>WhatsApp<\/strong><\/h2>\n\n\n\n<p class=\"has-text-align-center\">Contactez-nous via WhatsApp<\/p>\n\n\n<div class=\"wp-block-image\">\n<figure class=\"aligncenter size-large is-resized\" style=\"margin-top:30px;margin-bottom:30px\"><a href=\"https:\/\/wa.me\/+31643201575\"><img decoding=\"async\" width=\"933\" height=\"938\" src=\"https:\/\/rroja.com\/wp-content\/uploads\/icons-03-3.png\" alt=\"\" class=\"wp-image-4140\" style=\"width:70px\" srcset=\"https:\/\/rroja.com\/wp-content\/uploads\/icons-03-3.png 933w, https:\/\/rroja.com\/wp-content\/uploads\/icons-03-3-298x300.png 298w, https:\/\/rroja.com\/wp-content\/uploads\/icons-03-3-150x150.png 150w, https:\/\/rroja.com\/wp-content\/uploads\/icons-03-3-768x772.png 768w, https:\/\/rroja.com\/wp-content\/uploads\/icons-03-3-12x12.png 12w, https:\/\/rroja.com\/wp-content\/uploads\/icons-03-3-600x603.png 600w, https:\/\/rroja.com\/wp-content\/uploads\/icons-03-3-100x100.png 100w, https:\/\/rroja.com\/wp-content\/uploads\/icons-03-3-50x50.png 50w\" sizes=\"(max-width: 933px) 100vw, 933px\" \/><\/a><\/figure>\n<\/div><\/div>\n\n\n\n<div class=\"wp-block-column is-layout-flow wp-block-column-is-layout-flow\">\n<h2 class=\"wp-block-heading has-text-align-center\" id=\"h-phone\"><strong>T\u00e9l\u00e9phone<\/strong><\/h2>\n\n\n\n<p class=\"has-text-align-center\">Nous contacter par t\u00e9l\u00e9phone<\/p>\n\n\n<div class=\"wp-block-image is-style-default\">\n<figure class=\"aligncenter size-thumbnail is-resized has-custom-border\" style=\"margin-top:30px;margin-bottom:30px\"><a href=\"tel:+31643201575\"><img decoding=\"async\" width=\"150\" height=\"150\" src=\"https:\/\/rroja.com\/wp-content\/uploads\/icons-02-150x150.png\" alt=\"\" class=\"wp-image-4128\" style=\"border-top-left-radius:22px;border-top-right-radius:22px;border-bottom-left-radius:22px;border-bottom-right-radius:22px;object-fit:cover;width:85px;height:85px\" srcset=\"https:\/\/rroja.com\/wp-content\/uploads\/icons-02-150x150.png 150w, https:\/\/rroja.com\/wp-content\/uploads\/icons-02-300x300.png 300w, https:\/\/rroja.com\/wp-content\/uploads\/icons-02-768x765.png 768w, https:\/\/rroja.com\/wp-content\/uploads\/icons-02-12x12.png 12w, https:\/\/rroja.com\/wp-content\/uploads\/icons-02-600x597.png 600w, https:\/\/rroja.com\/wp-content\/uploads\/icons-02-100x100.png 100w, https:\/\/rroja.com\/wp-content\/uploads\/icons-02-50x50.png 50w, https:\/\/rroja.com\/wp-content\/uploads\/icons-02.png 939w\" sizes=\"(max-width: 150px) 100vw, 150px\" \/><\/a><\/figure>\n<\/div><\/div>\n\n\n\n<div class=\"wp-block-column is-layout-flow wp-block-column-is-layout-flow\">\n<h2 class=\"wp-block-heading has-text-align-center\" id=\"h-e-mail\"><strong>Courrier \u00e9lectronique<\/strong><\/h2>\n\n\n\n<p class=\"has-text-align-center\">Contactez-nous par e-mail<\/p>\n\n\n<div class=\"wp-block-image is-style-default\">\n<figure class=\"aligncenter size-large is-resized\" style=\"margin-top:40px;margin-bottom:40px\"><a href=\"mailto:info@rroja.com\"><img loading=\"lazy\" decoding=\"async\" width=\"1024\" height=\"767\" src=\"https:\/\/rroja.com\/wp-content\/uploads\/icons-01-1024x767.png\" alt=\"\" class=\"wp-image-4131\" style=\"width:70px\" srcset=\"https:\/\/rroja.com\/wp-content\/uploads\/icons-01-1024x767.png 1024w, https:\/\/rroja.com\/wp-content\/uploads\/icons-01-300x225.png 300w, https:\/\/rroja.com\/wp-content\/uploads\/icons-01-768x575.png 768w, https:\/\/rroja.com\/wp-content\/uploads\/icons-01-16x12.png 16w, https:\/\/rroja.com\/wp-content\/uploads\/icons-01-600x449.png 600w, https:\/\/rroja.com\/wp-content\/uploads\/icons-01.png 1071w\" sizes=\"(max-width: 1024px) 100vw, 1024px\" \/><\/a><\/figure>\n<\/div><\/div>\n<\/div>\n\n\n\n<div class=\"wp-block-columns alignwide has-background is-layout-flex wp-container-core-columns-is-layout-28f84493 wp-block-columns-is-layout-flex\" style=\"background-color:#fcb9001a\">\n<div class=\"wp-block-column is-vertically-aligned-center is-layout-flow wp-block-column-is-layout-flow\">\n<h2 class=\"wp-block-heading has-text-align-center\" id=\"h-free-amp-insured-international-delivery\">LIVRAISON INTERNATIONALE GRATUITE ET ASSUR\u00c9E<\/h2>\n\n\n\n<div class=\"wp-block-outermost-icon-block items-justified-center\"><div class=\"icon-container has-icon-color\" style=\"color:#218f67;width:140px;transform:rotate(0deg) scaleX(1) scaleY(1)\"><svg xmlns=\"http:\/\/www.w3.org\/2000\/svg\" viewbox=\"0 0 24 24\" aria-hidden=\"true\"><path d=\"M3 6.75C3 5.784 3.784 5 4.75 5H15V7.313l.05.027 5.056 2.73.394.212v3.468a1.75 1.75 0 01-1.75 1.75h-.012a2.5 2.5 0 11-4.975 0H9.737a2.5 2.5 0 11-4.975 0H3V6.75zM13.5 14V6.5H4.75a.25.25 0 00-.25.25V14h.965a2.493 2.493 0 011.785-.75c.7 0 1.332.287 1.785.75H13.5zm4.535 0h.715a.25.25 0 00.25-.25v-2.573l-4-2.16v4.568a2.487 2.487 0 011.25-.335c.7 0 1.332.287 1.785.75zM6.282 15.5a1.002 1.002 0 00.968 1.25 1 1 0 10-.968-1.25zm9 0a1 1 0 101.937.498 1 1 0 00-1.938-.498z\"><\/path><\/svg><\/div><\/div>\n<\/div>\n\n\n\n<div class=\"wp-block-column is-vertically-aligned-center is-layout-flow wp-block-column-is-layout-flow\">\n<h2 class=\"wp-block-heading has-text-align-center\" id=\"h-2-year-manufacturer-warranty\">GARANTIE DU FABRICANT DE 2 ANS<\/h2>\n\n\n\n<div class=\"wp-block-outermost-icon-block items-justified-center\"><div class=\"icon-container has-icon-color\" style=\"color:#218f67;width:140px;transform:rotate(0deg) scaleX(1) scaleY(1)\"><svg xmlns=\"http:\/\/www.w3.org\/2000\/svg\" viewbox=\"0 0 24 24\" aria-hidden=\"true\"><path d=\"M16.7 7.1l-6.3 8.5-3.3-2.5-.9 1.2 4.5 3.4L17.9 8z\"><\/path><\/svg><\/div><\/div>\n<\/div>\n\n\n\n<div class=\"wp-block-column is-vertically-aligned-center is-layout-flow wp-block-column-is-layout-flow\">\n<h2 class=\"wp-block-heading has-text-align-center\" id=\"h-gia-and-igi-graded-diamonds\">DIAMANTS CLASS\u00c9S GIA ET IGI<\/h2>\n\n\n\n<div class=\"wp-block-outermost-icon-block items-justified-center\"><div class=\"icon-container has-icon-color\" style=\"color:#218f67;width:90px;transform:rotate(0deg) scaleX(1) scaleY(1)\"><svg xmlns=\"http:\/\/www.w3.org\/2000\/svg\" viewbox=\"0 0 24 24\" aria-hidden=\"true\"><path d=\"M10 11c-1.588-.479-4-.91-4-.91s2-.241 4-.454c1.8-.191 3.365-.502 4-3.181C14.635 3.775 15 1 15 1s.365 2.775 1 5.455c.635 2.679 2 2.969 4 3.181 2 .213 4 .455 4 .455s-2.412.43-4 .909c-1.588.479-3 1-4 4.546-.746 2.643-.893 4.948-1 5.454-.107-.506-.167-2.5-1-5.454C13 12 11.588 11.479 10 11zM7.333 3.5C6.803 3.333 6 3.182 6 3.182s.667-.085 1.333-.16c.6-.066 1.122-.175 1.334-1.113C8.878.971 9 0 9 0s.122.971.333 1.91c.212.937.667 1.038 1.334 1.113.666.074 1.333.159 1.333.159s-.804.15-1.333.318c-.53.167-1 .35-1.334 1.59C9.085 6.017 9.036 6.824 9 7c-.036-.177-.056-.875-.333-1.91-.334-1.24-.804-1.423-1.334-1.59zM2.444 18C1.474 17.713 0 17.454 0 17.454s1.222-.145 2.444-.272c1.1-.115 2.057-.302 2.445-1.91C5.277 13.666 5.5 12 5.5 12s.223 1.665.611 3.273c.388 1.607 1.222 1.781 2.445 1.909 1.222.127 2.444.273 2.444.273s-1.474.258-2.444.545c-.971.287-1.834.6-2.445 2.727-.456 1.586-.546 2.97-.611 3.273-.065-.304-.102-1.5-.611-3.273C4.278 18.6 3.415 18.287 2.444 18z\"><\/path><\/svg><\/div><\/div>\n<\/div>\n<\/div>","protected":false},"excerpt":{"rendered":"<p>Contact us Order your ethically sourced \u2013 NATURAL DIAMONDS \u2013 LAB GROWN DIAMONDS \u2013 GEMSTONES \u2013 by simply contacting us through WhatsApp, phone, or e-mail. Begin your consultation WhatsApp Contact us via WhatsApp Phone Contact us by phone E-mail Contact us by e-mail FREE &amp; INSURED INTERNATIONAL DELIVERY 2-YEAR MANUFACTURER WARRANTY GIA AND IGI GRADED [&hellip;]<\/p>\n","protected":false},"author":2,"featured_media":0,"parent":0,"menu_order":7,"comment_status":"closed","ping_status":"closed","template":"","meta":{"footnotes":""},"class_list":["post-1304","page","type-page","status-publish","hentry"],"yoast_head":"<!-- This site is optimized with the Yoast SEO Premium plugin v21.8 (Yoast SEO v27.6) - https:\/\/yoast.com\/product\/yoast-seo-premium-wordpress\/ -->\n<title>Gemstones - RROJA Jewels<\/title>\n<meta name=\"robots\" content=\"index, follow, max-snippet:-1, max-image-preview:large, max-video-preview:-1\" \/>\n<link rel=\"canonical\" href=\"https:\/\/rroja.com\/fr\/shop-gemstones\/\" \/>\n<meta property=\"og:locale\" content=\"fr_FR\" \/>\n<meta property=\"og:type\" content=\"article\" \/>\n<meta property=\"og:title\" content=\"Gemstones\" \/>\n<meta property=\"og:description\" content=\"Contact us Order your ethically sourced \u2013 NATURAL DIAMONDS \u2013 LAB GROWN DIAMONDS \u2013 GEMSTONES \u2013 by simply contacting us through WhatsApp, phone, or e-mail. Begin your consultation WhatsApp Contact us via WhatsApp Phone Contact us by phone E-mail Contact us by e-mail FREE &amp; INSURED INTERNATIONAL DELIVERY 2-YEAR MANUFACTURER WARRANTY GIA AND IGI GRADED [&hellip;]\" \/>\n<meta property=\"og:url\" content=\"https:\/\/rroja.com\/fr\/shop-gemstones\/\" \/>\n<meta property=\"og:site_name\" content=\"RROJA Jewels\" \/>\n<meta property=\"article:modified_time\" content=\"2026-05-12T11:19:32+00:00\" \/>\n<meta property=\"og:image\" content=\"https:\/\/rroja.com\/wp-content\/uploads\/Rroja_Banner_light-1-scaled.jpg\" \/>\n\t<meta property=\"og:image:width\" content=\"2560\" \/>\n\t<meta property=\"og:image:height\" content=\"550\" \/>\n\t<meta property=\"og:image:type\" content=\"image\/jpeg\" \/>\n<meta name=\"twitter:card\" content=\"summary_large_image\" \/>\n<meta name=\"twitter:label1\" content=\"Dur\u00e9e de lecture estim\u00e9e\" \/>\n\t<meta name=\"twitter:data1\" content=\"2 minutes\" \/>\n<script type=\"application\/ld+json\" class=\"yoast-schema-graph\">{\"@context\":\"https:\\\/\\\/schema.org\",\"@graph\":[{\"@type\":\"WebPage\",\"@id\":\"https:\\\/\\\/rroja.com\\\/shop-gemstones\\\/\",\"url\":\"https:\\\/\\\/rroja.com\\\/shop-gemstones\\\/\",\"name\":\"Gemstones - RROJA Jewels\",\"isPartOf\":{\"@id\":\"https:\\\/\\\/rroja.com\\\/#website\"},\"primaryImageOfPage\":{\"@id\":\"https:\\\/\\\/rroja.com\\\/shop-gemstones\\\/#primaryimage\"},\"image\":{\"@id\":\"https:\\\/\\\/rroja.com\\\/shop-gemstones\\\/#primaryimage\"},\"thumbnailUrl\":\"https:\\\/\\\/rroja.com\\\/wp-content\\\/uploads\\\/Rroja_Banner_light-1-scaled.jpg\",\"datePublished\":\"2024-01-16T10:33:06+00:00\",\"dateModified\":\"2026-05-12T11:19:32+00:00\",\"breadcrumb\":{\"@id\":\"https:\\\/\\\/rroja.com\\\/shop-gemstones\\\/#breadcrumb\"},\"inLanguage\":\"fr-FR\",\"potentialAction\":[{\"@type\":\"ReadAction\",\"target\":[\"https:\\\/\\\/rroja.com\\\/shop-gemstones\\\/\"]}]},{\"@type\":\"ImageObject\",\"inLanguage\":\"fr-FR\",\"@id\":\"https:\\\/\\\/rroja.com\\\/shop-gemstones\\\/#primaryimage\",\"url\":\"https:\\\/\\\/rroja.com\\\/wp-content\\\/uploads\\\/Rroja_Banner_light-1-scaled.jpg\",\"contentUrl\":\"https:\\\/\\\/rroja.com\\\/wp-content\\\/uploads\\\/Rroja_Banner_light-1-scaled.jpg\"},{\"@type\":\"BreadcrumbList\",\"@id\":\"https:\\\/\\\/rroja.com\\\/shop-gemstones\\\/#breadcrumb\",\"itemListElement\":[{\"@type\":\"ListItem\",\"position\":1,\"name\":\"Home\",\"item\":\"https:\\\/\\\/rroja.com\\\/\"},{\"@type\":\"ListItem\",\"position\":2,\"name\":\"Gemstones\"}]},{\"@type\":\"WebSite\",\"@id\":\"https:\\\/\\\/rroja.com\\\/#website\",\"url\":\"https:\\\/\\\/rroja.com\\\/\",\"name\":\"RROJA Jewels\",\"description\":\"\",\"publisher\":{\"@id\":\"https:\\\/\\\/rroja.com\\\/#organization\"},\"potentialAction\":[{\"@type\":\"SearchAction\",\"target\":{\"@type\":\"EntryPoint\",\"urlTemplate\":\"https:\\\/\\\/rroja.com\\\/?s={search_term_string}\"},\"query-input\":{\"@type\":\"PropertyValueSpecification\",\"valueRequired\":true,\"valueName\":\"search_term_string\"}}],\"inLanguage\":\"fr-FR\"},{\"@type\":\"Organization\",\"@id\":\"https:\\\/\\\/rroja.com\\\/#organization\",\"name\":\"RROJA Jewels\",\"url\":\"https:\\\/\\\/rroja.com\\\/\",\"logo\":{\"@type\":\"ImageObject\",\"inLanguage\":\"fr-FR\",\"@id\":\"https:\\\/\\\/rroja.com\\\/#\\\/schema\\\/logo\\\/image\\\/\",\"url\":\"https:\\\/\\\/rroja.com\\\/wp-content\\\/uploads\\\/cropped-Logo_RROJA.png\",\"contentUrl\":\"https:\\\/\\\/rroja.com\\\/wp-content\\\/uploads\\\/cropped-Logo_RROJA.png\",\"width\":470,\"height\":110,\"caption\":\"RROJA Jewels\"},\"image\":{\"@id\":\"https:\\\/\\\/rroja.com\\\/#\\\/schema\\\/logo\\\/image\\\/\"}}]}<\/script>\n<!-- \/ Yoast SEO Premium plugin. -->","yoast_head_json":{"title":"Gemstones - RROJA Jewels","robots":{"index":"index","follow":"follow","max-snippet":"max-snippet:-1","max-image-preview":"max-image-preview:large","max-video-preview":"max-video-preview:-1"},"canonical":"https:\/\/rroja.com\/fr\/shop-gemstones\/","og_locale":"fr_FR","og_type":"article","og_title":"Gemstones","og_description":"Contact us Order your ethically sourced \u2013 NATURAL DIAMONDS \u2013 LAB GROWN DIAMONDS \u2013 GEMSTONES \u2013 by simply contacting us through WhatsApp, phone, or e-mail. Begin your consultation WhatsApp Contact us via WhatsApp Phone Contact us by phone E-mail Contact us by e-mail FREE &amp; INSURED INTERNATIONAL DELIVERY 2-YEAR MANUFACTURER WARRANTY GIA AND IGI GRADED [&hellip;]","og_url":"https:\/\/rroja.com\/fr\/shop-gemstones\/","og_site_name":"RROJA Jewels","article_modified_time":"2026-05-12T11:19:32+00:00","og_image":[{"width":2560,"height":550,"url":"https:\/\/rroja.com\/wp-content\/uploads\/Rroja_Banner_light-1-scaled.jpg","type":"image\/jpeg"}],"twitter_card":"summary_large_image","twitter_misc":{"Dur\u00e9e de lecture estim\u00e9e":"2 minutes"},"schema":{"@context":"https:\/\/schema.org","@graph":[{"@type":"WebPage","@id":"https:\/\/rroja.com\/shop-gemstones\/","url":"https:\/\/rroja.com\/shop-gemstones\/","name":"Gemstones - RROJA Jewels","isPartOf":{"@id":"https:\/\/rroja.com\/#website"},"primaryImageOfPage":{"@id":"https:\/\/rroja.com\/shop-gemstones\/#primaryimage"},"image":{"@id":"https:\/\/rroja.com\/shop-gemstones\/#primaryimage"},"thumbnailUrl":"https:\/\/rroja.com\/wp-content\/uploads\/Rroja_Banner_light-1-scaled.jpg","datePublished":"2024-01-16T10:33:06+00:00","dateModified":"2026-05-12T11:19:32+00:00","breadcrumb":{"@id":"https:\/\/rroja.com\/shop-gemstones\/#breadcrumb"},"inLanguage":"fr-FR","potentialAction":[{"@type":"ReadAction","target":["https:\/\/rroja.com\/shop-gemstones\/"]}]},{"@type":"ImageObject","inLanguage":"fr-FR","@id":"https:\/\/rroja.com\/shop-gemstones\/#primaryimage","url":"https:\/\/rroja.com\/wp-content\/uploads\/Rroja_Banner_light-1-scaled.jpg","contentUrl":"https:\/\/rroja.com\/wp-content\/uploads\/Rroja_Banner_light-1-scaled.jpg"},{"@type":"BreadcrumbList","@id":"https:\/\/rroja.com\/shop-gemstones\/#breadcrumb","itemListElement":[{"@type":"ListItem","position":1,"name":"Home","item":"https:\/\/rroja.com\/"},{"@type":"ListItem","position":2,"name":"Gemstones"}]},{"@type":"WebSite","@id":"https:\/\/rroja.com\/#website","url":"https:\/\/rroja.com\/","name":"RROJA Jewels","description":"","publisher":{"@id":"https:\/\/rroja.com\/#organization"},"potentialAction":[{"@type":"SearchAction","target":{"@type":"EntryPoint","urlTemplate":"https:\/\/rroja.com\/?s={search_term_string}"},"query-input":{"@type":"PropertyValueSpecification","valueRequired":true,"valueName":"search_term_string"}}],"inLanguage":"fr-FR"},{"@type":"Organization","@id":"https:\/\/rroja.com\/#organization","name":"RROJA Jewels","url":"https:\/\/rroja.com\/","logo":{"@type":"ImageObject","inLanguage":"fr-FR","@id":"https:\/\/rroja.com\/#\/schema\/logo\/image\/","url":"https:\/\/rroja.com\/wp-content\/uploads\/cropped-Logo_RROJA.png","contentUrl":"https:\/\/rroja.com\/wp-content\/uploads\/cropped-Logo_RROJA.png","width":470,"height":110,"caption":"RROJA Jewels"},"image":{"@id":"https:\/\/rroja.com\/#\/schema\/logo\/image\/"}}]}},"_links":{"self":[{"href":"https:\/\/rroja.com\/fr\/wp-json\/wp\/v2\/pages\/1304","targetHints":{"allow":["GET"]}}],"collection":[{"href":"https:\/\/rroja.com\/fr\/wp-json\/wp\/v2\/pages"}],"about":[{"href":"https:\/\/rroja.com\/fr\/wp-json\/wp\/v2\/types\/page"}],"author":[{"embeddable":true,"href":"https:\/\/rroja.com\/fr\/wp-json\/wp\/v2\/users\/2"}],"replies":[{"embeddable":true,"href":"https:\/\/rroja.com\/fr\/wp-json\/wp\/v2\/comments?post=1304"}],"version-history":[{"count":20,"href":"https:\/\/rroja.com\/fr\/wp-json\/wp\/v2\/pages\/1304\/revisions"}],"predecessor-version":[{"id":4311,"href":"https:\/\/rroja.com\/fr\/wp-json\/wp\/v2\/pages\/1304\/revisions\/4311"}],"wp:attachment":[{"href":"https:\/\/rroja.com\/fr\/wp-json\/wp\/v2\/media?parent=1304"}],"curies":[{"name":"wp","href":"https:\/\/api.w.org\/{rel}","templated":true}]}}