{"id":3826,"date":"2026-02-22T13:29:18","date_gmt":"2026-02-22T12:29:18","guid":{"rendered":"https:\/\/rroja.com\/?page_id=3826"},"modified":"2026-02-22T13:30:05","modified_gmt":"2026-02-22T12:30:05","slug":"payment-method","status":"publish","type":"page","link":"https:\/\/rroja.com\/fr\/payment-method\/","title":{"rendered":"Modes de paiement"},"content":{"rendered":"<p><strong>iDEAL<\/strong><\/p>\n<p>iDEAL est un moyen simple de transf\u00e9rer de l'argent directement depuis votre compte bancaire en ligne. Vous payez par l'interm\u00e9diaire de l'application de banque mobile ou de l'environnement de banque en ligne de votre banque.<\/p>\n<p><strong>Payer maintenant avec Klarna<\/strong><\/p>\n<p>Au moment du paiement, vous serez redirig\u00e9 vers Klarna, o\u00f9 vous utiliserez vos coordonn\u00e9es bancaires en ligne pour le transfert. Les d\u00e9tails du paiement et le b\u00e9n\u00e9ficiaire sont pr\u00e9-remplis. Les donn\u00e9es saisies sont crypt\u00e9es et envoy\u00e9es \u00e0 votre banque. Vous recevrez ensuite un num\u00e9ro de transaction que vous devrez saisir pour confirmation. Ni KLARNA ni RROJA Jewels n'ont acc\u00e8s \u00e0 vos donn\u00e9es de paiement.<\/p>\n<p><strong>PayPal<\/strong><\/p>\n<p>Si vous souhaitez payer avec PayPal, s\u00e9lectionnez cette option au moment de passer \u00e0 la caisse. Vous serez alors automatiquement redirig\u00e9 vers le site de PayPal. Si vous disposez d\u00e9j\u00e0 d'un compte PayPal, connectez-vous avec vos donn\u00e9es d'utilisateur pour effectuer le paiement. Si vous n'avez pas de compte PayPal, vous pouvez vous inscrire et proc\u00e9der au paiement.<\/p>\n<p><strong>Virement bancaire<\/strong><\/p>\n<p>S\u00e9lectionnez l'option de virement bancaire lors du paiement pour compl\u00e9ter votre commande. Apr\u00e8s avoir termin\u00e9 le processus de commande, effectuez le paiement aux coordonn\u00e9es bancaires fournies lors du processus de commande. Une fois le paiement re\u00e7u, nous vous en informerons et vous communiquerons une date de livraison estim\u00e9e.<\/p>\n<p><strong>Bancontact<\/strong><\/p>\n<p>Lorsque vous utilisez Bancontact, introduisez le num\u00e9ro de la carte Bancontact li\u00e9e \u00e0 votre compte. Vous vous trouvez alors dans l'environnement s\u00e9curis\u00e9 de votre banque et devez vous connecter \u00e0 l'aide de votre t\u00e9l\u00e9phone ou de votre lecteur de carte. Apr\u00e8s avoir confirm\u00e9 la transaction, vous recevrez une confirmation du succ\u00e8s du paiement par Bancontact et serez automatiquement redirig\u00e9 vers notre site web.<\/p>","protected":false},"excerpt":{"rendered":"<p>iDEAL iDEAL is a straightforward way to transfer money directly from your bank account online. You pay through the mobile banking app or the online banking environment of your bank. Pay now with Klarna At checkout, you will be redirected to Klarna, where you use your online banking details for the transfer. The payment details [&hellip;]<\/p>\n","protected":false},"author":2,"featured_media":0,"parent":0,"menu_order":0,"comment_status":"closed","ping_status":"closed","template":"","meta":{"footnotes":""},"class_list":["post-3826","page","type-page","status-publish","hentry"],"yoast_head":"<!-- This site is optimized with the Yoast SEO Premium plugin v21.8 (Yoast SEO v27.5) - https:\/\/yoast.com\/product\/yoast-seo-premium-wordpress\/ -->\n<title>Payment Methods - RROJA Jewels<\/title>\n<meta name=\"robots\" content=\"index, follow, max-snippet:-1, max-image-preview:large, max-video-preview:-1\" \/>\n<link rel=\"canonical\" href=\"https:\/\/rroja.com\/fr\/payment-method\/\" \/>\n<meta property=\"og:locale\" content=\"fr_FR\" \/>\n<meta property=\"og:type\" content=\"article\" \/>\n<meta property=\"og:title\" content=\"Payment Methods\" \/>\n<meta property=\"og:description\" content=\"iDEAL iDEAL is a straightforward way to transfer money directly from your bank account online. You pay through the mobile banking app or the online banking environment of your bank. Pay now with Klarna At checkout, you will be redirected to Klarna, where you use your online banking details for the transfer. The payment details [&hellip;]\" \/>\n<meta property=\"og:url\" content=\"https:\/\/rroja.com\/fr\/payment-method\/\" \/>\n<meta property=\"og:site_name\" content=\"RROJA Jewels\" \/>\n<meta property=\"article:modified_time\" content=\"2026-02-22T12:30:05+00:00\" \/>\n<meta name=\"twitter:card\" content=\"summary_large_image\" \/>\n<meta name=\"twitter:label1\" content=\"Dur\u00e9e de lecture estim\u00e9e\" \/>\n\t<meta name=\"twitter:data1\" content=\"2 minutes\" \/>\n<script type=\"application\/ld+json\" class=\"yoast-schema-graph\">{\"@context\":\"https:\\\/\\\/schema.org\",\"@graph\":[{\"@type\":\"WebPage\",\"@id\":\"https:\\\/\\\/rroja.com\\\/payment-method\\\/\",\"url\":\"https:\\\/\\\/rroja.com\\\/payment-method\\\/\",\"name\":\"Payment Methods - RROJA Jewels\",\"isPartOf\":{\"@id\":\"https:\\\/\\\/rroja.com\\\/#website\"},\"datePublished\":\"2026-02-22T12:29:18+00:00\",\"dateModified\":\"2026-02-22T12:30:05+00:00\",\"breadcrumb\":{\"@id\":\"https:\\\/\\\/rroja.com\\\/payment-method\\\/#breadcrumb\"},\"inLanguage\":\"fr-FR\",\"potentialAction\":[{\"@type\":\"ReadAction\",\"target\":[\"https:\\\/\\\/rroja.com\\\/payment-method\\\/\"]}]},{\"@type\":\"BreadcrumbList\",\"@id\":\"https:\\\/\\\/rroja.com\\\/payment-method\\\/#breadcrumb\",\"itemListElement\":[{\"@type\":\"ListItem\",\"position\":1,\"name\":\"Home\",\"item\":\"https:\\\/\\\/rroja.com\\\/\"},{\"@type\":\"ListItem\",\"position\":2,\"name\":\"Payment Methods\"}]},{\"@type\":\"WebSite\",\"@id\":\"https:\\\/\\\/rroja.com\\\/#website\",\"url\":\"https:\\\/\\\/rroja.com\\\/\",\"name\":\"RROJA Jewels\",\"description\":\"\",\"publisher\":{\"@id\":\"https:\\\/\\\/rroja.com\\\/#organization\"},\"potentialAction\":[{\"@type\":\"SearchAction\",\"target\":{\"@type\":\"EntryPoint\",\"urlTemplate\":\"https:\\\/\\\/rroja.com\\\/?s={search_term_string}\"},\"query-input\":{\"@type\":\"PropertyValueSpecification\",\"valueRequired\":true,\"valueName\":\"search_term_string\"}}],\"inLanguage\":\"fr-FR\"},{\"@type\":\"Organization\",\"@id\":\"https:\\\/\\\/rroja.com\\\/#organization\",\"name\":\"RROJA Jewels\",\"url\":\"https:\\\/\\\/rroja.com\\\/\",\"logo\":{\"@type\":\"ImageObject\",\"inLanguage\":\"fr-FR\",\"@id\":\"https:\\\/\\\/rroja.com\\\/#\\\/schema\\\/logo\\\/image\\\/\",\"url\":\"https:\\\/\\\/rroja.com\\\/wp-content\\\/uploads\\\/cropped-Logo_RROJA.png\",\"contentUrl\":\"https:\\\/\\\/rroja.com\\\/wp-content\\\/uploads\\\/cropped-Logo_RROJA.png\",\"width\":470,\"height\":110,\"caption\":\"RROJA Jewels\"},\"image\":{\"@id\":\"https:\\\/\\\/rroja.com\\\/#\\\/schema\\\/logo\\\/image\\\/\"}}]}<\/script>\n<!-- \/ Yoast SEO Premium plugin. -->","yoast_head_json":{"title":"Payment Methods - RROJA Jewels","robots":{"index":"index","follow":"follow","max-snippet":"max-snippet:-1","max-image-preview":"max-image-preview:large","max-video-preview":"max-video-preview:-1"},"canonical":"https:\/\/rroja.com\/fr\/payment-method\/","og_locale":"fr_FR","og_type":"article","og_title":"Payment Methods","og_description":"iDEAL iDEAL is a straightforward way to transfer money directly from your bank account online. You pay through the mobile banking app or the online banking environment of your bank. Pay now with Klarna At checkout, you will be redirected to Klarna, where you use your online banking details for the transfer. The payment details [&hellip;]","og_url":"https:\/\/rroja.com\/fr\/payment-method\/","og_site_name":"RROJA Jewels","article_modified_time":"2026-02-22T12:30:05+00:00","twitter_card":"summary_large_image","twitter_misc":{"Dur\u00e9e de lecture estim\u00e9e":"2 minutes"},"schema":{"@context":"https:\/\/schema.org","@graph":[{"@type":"WebPage","@id":"https:\/\/rroja.com\/payment-method\/","url":"https:\/\/rroja.com\/payment-method\/","name":"Payment Methods - RROJA Jewels","isPartOf":{"@id":"https:\/\/rroja.com\/#website"},"datePublished":"2026-02-22T12:29:18+00:00","dateModified":"2026-02-22T12:30:05+00:00","breadcrumb":{"@id":"https:\/\/rroja.com\/payment-method\/#breadcrumb"},"inLanguage":"fr-FR","potentialAction":[{"@type":"ReadAction","target":["https:\/\/rroja.com\/payment-method\/"]}]},{"@type":"BreadcrumbList","@id":"https:\/\/rroja.com\/payment-method\/#breadcrumb","itemListElement":[{"@type":"ListItem","position":1,"name":"Home","item":"https:\/\/rroja.com\/"},{"@type":"ListItem","position":2,"name":"Payment Methods"}]},{"@type":"WebSite","@id":"https:\/\/rroja.com\/#website","url":"https:\/\/rroja.com\/","name":"RROJA Jewels","description":"","publisher":{"@id":"https:\/\/rroja.com\/#organization"},"potentialAction":[{"@type":"SearchAction","target":{"@type":"EntryPoint","urlTemplate":"https:\/\/rroja.com\/?s={search_term_string}"},"query-input":{"@type":"PropertyValueSpecification","valueRequired":true,"valueName":"search_term_string"}}],"inLanguage":"fr-FR"},{"@type":"Organization","@id":"https:\/\/rroja.com\/#organization","name":"RROJA Jewels","url":"https:\/\/rroja.com\/","logo":{"@type":"ImageObject","inLanguage":"fr-FR","@id":"https:\/\/rroja.com\/#\/schema\/logo\/image\/","url":"https:\/\/rroja.com\/wp-content\/uploads\/cropped-Logo_RROJA.png","contentUrl":"https:\/\/rroja.com\/wp-content\/uploads\/cropped-Logo_RROJA.png","width":470,"height":110,"caption":"RROJA Jewels"},"image":{"@id":"https:\/\/rroja.com\/#\/schema\/logo\/image\/"}}]}},"_links":{"self":[{"href":"https:\/\/rroja.com\/fr\/wp-json\/wp\/v2\/pages\/3826","targetHints":{"allow":["GET"]}}],"collection":[{"href":"https:\/\/rroja.com\/fr\/wp-json\/wp\/v2\/pages"}],"about":[{"href":"https:\/\/rroja.com\/fr\/wp-json\/wp\/v2\/types\/page"}],"author":[{"embeddable":true,"href":"https:\/\/rroja.com\/fr\/wp-json\/wp\/v2\/users\/2"}],"replies":[{"embeddable":true,"href":"https:\/\/rroja.com\/fr\/wp-json\/wp\/v2\/comments?post=3826"}],"version-history":[{"count":1,"href":"https:\/\/rroja.com\/fr\/wp-json\/wp\/v2\/pages\/3826\/revisions"}],"predecessor-version":[{"id":3827,"href":"https:\/\/rroja.com\/fr\/wp-json\/wp\/v2\/pages\/3826\/revisions\/3827"}],"wp:attachment":[{"href":"https:\/\/rroja.com\/fr\/wp-json\/wp\/v2\/media?parent=3826"}],"curies":[{"name":"wp","href":"https:\/\/api.w.org\/{rel}","templated":true}]}}