{"id":322,"date":"2023-10-18T16:01:21","date_gmt":"2023-10-18T14:01:21","guid":{"rendered":"https:\/\/rroja.com\/?post_type=product&#038;p=322"},"modified":"2026-04-29T06:43:57","modified_gmt":"2026-04-29T04:43:57","slug":"balanced-grace-ring","status":"publish","type":"product","link":"https:\/\/rroja.com\/fr\/produit\/balanced-grace-ring\/","title":{"rendered":"Anneau de gr\u00e2ce \u00e9quilibr\u00e9"},"content":{"rendered":"","protected":false},"excerpt":{"rendered":"<p>Enveloppez votre doigt dans l'exquise bague Balanced Grace, un hommage \u00e0 l'\u00e9quilibre et \u00e0 la gr\u00e2ce qui compl\u00e8te votre voyage.<\/p>\n<p><strong>D\u00e9lai de livraison jusqu'\u00e0 4 semaines.<\/strong><\/p>\n<p><a class=\"button\" href=\"\/fr\/custom\/\" target=\"_blank\" rel=\"noopener\">Cr\u00e9ez votre bague personnalis\u00e9e<\/a><\/p>","protected":false},"featured_media":3375,"template":"","meta":[],"product_brand":[],"product_cat":[19],"product_tag":[20],"class_list":{"0":"post-322","1":"product","2":"type-product","3":"status-publish","4":"has-post-thumbnail","6":"product_cat-rings","7":"product_tag-ring","9":"first","10":"instock","11":"taxable","12":"shipping-taxable","13":"purchasable","14":"product-type-variable","15":"wvs-archive-product-wrapper"},"yoast_head":"<!-- This site is optimized with the Yoast SEO Premium plugin v21.8 (Yoast SEO v27.5) - https:\/\/yoast.com\/product\/yoast-seo-premium-wordpress\/ -->\n<title>Balanced Grace Ring - RROJA Jewels<\/title>\n<meta name=\"robots\" content=\"index, follow, max-snippet:-1, max-image-preview:large, max-video-preview:-1\" \/>\n<link rel=\"canonical\" href=\"https:\/\/rroja.com\/fr\/produit\/balanced-grace-ring\/\" \/>\n<meta property=\"og:locale\" content=\"fr_FR\" \/>\n<meta property=\"og:type\" content=\"article\" \/>\n<meta property=\"og:title\" content=\"Balanced Grace Ring\" \/>\n<meta property=\"og:description\" content=\"Wrap your finger in the exquisite Balanced Grace Ring, a tribute to balance and grace that complements your journey.  Delivery time upto 4 weeks.  Create your custom ring\" \/>\n<meta property=\"og:url\" content=\"https:\/\/rroja.com\/fr\/produit\/balanced-grace-ring\/\" \/>\n<meta property=\"og:site_name\" content=\"RROJA Jewels\" \/>\n<meta property=\"article:modified_time\" content=\"2026-04-29T04:43:57+00:00\" \/>\n<meta property=\"og:image\" content=\"https:\/\/rroja.com\/wp-content\/uploads\/r2-y1.3.png\" \/>\n\t<meta property=\"og:image:width\" content=\"1920\" \/>\n\t<meta property=\"og:image:height\" content=\"1920\" \/>\n\t<meta property=\"og:image:type\" content=\"image\/png\" \/>\n<meta name=\"twitter:card\" content=\"summary_large_image\" \/>\n<meta name=\"twitter:label1\" content=\"Dur\u00e9e de lecture estim\u00e9e\" \/>\n\t<meta name=\"twitter:data1\" content=\"1 minute\" \/>\n<script type=\"application\/ld+json\" class=\"yoast-schema-graph\">{\"@context\":\"https:\\\/\\\/schema.org\",\"@graph\":[{\"@type\":\"WebPage\",\"@id\":\"https:\\\/\\\/rroja.com\\\/product\\\/balanced-grace-ring\\\/\",\"url\":\"https:\\\/\\\/rroja.com\\\/product\\\/balanced-grace-ring\\\/\",\"name\":\"Balanced Grace Ring - RROJA Jewels\",\"isPartOf\":{\"@id\":\"https:\\\/\\\/rroja.com\\\/#website\"},\"primaryImageOfPage\":{\"@id\":\"https:\\\/\\\/rroja.com\\\/product\\\/balanced-grace-ring\\\/#primaryimage\"},\"image\":{\"@id\":\"https:\\\/\\\/rroja.com\\\/product\\\/balanced-grace-ring\\\/#primaryimage\"},\"thumbnailUrl\":\"https:\\\/\\\/rroja.com\\\/wp-content\\\/uploads\\\/r2-y1.3.png\",\"datePublished\":\"2023-10-18T14:01:21+00:00\",\"dateModified\":\"2026-04-29T04:43:57+00:00\",\"breadcrumb\":{\"@id\":\"https:\\\/\\\/rroja.com\\\/product\\\/balanced-grace-ring\\\/#breadcrumb\"},\"inLanguage\":\"fr-FR\",\"potentialAction\":[{\"@type\":\"ReadAction\",\"target\":[\"https:\\\/\\\/rroja.com\\\/product\\\/balanced-grace-ring\\\/\"]}]},{\"@type\":\"ImageObject\",\"inLanguage\":\"fr-FR\",\"@id\":\"https:\\\/\\\/rroja.com\\\/product\\\/balanced-grace-ring\\\/#primaryimage\",\"url\":\"https:\\\/\\\/rroja.com\\\/wp-content\\\/uploads\\\/r2-y1.3.png\",\"contentUrl\":\"https:\\\/\\\/rroja.com\\\/wp-content\\\/uploads\\\/r2-y1.3.png\",\"width\":1920,\"height\":1920},{\"@type\":\"BreadcrumbList\",\"@id\":\"https:\\\/\\\/rroja.com\\\/product\\\/balanced-grace-ring\\\/#breadcrumb\",\"itemListElement\":[{\"@type\":\"ListItem\",\"position\":1,\"name\":\"Home\",\"item\":\"https:\\\/\\\/rroja.com\\\/\"},{\"@type\":\"ListItem\",\"position\":2,\"name\":\"Custom Diamond Rings\",\"item\":\"https:\\\/\\\/rroja.com\\\/store\\\/\"},{\"@type\":\"ListItem\",\"position\":3,\"name\":\"Balanced Grace Ring\"}]},{\"@type\":\"WebSite\",\"@id\":\"https:\\\/\\\/rroja.com\\\/#website\",\"url\":\"https:\\\/\\\/rroja.com\\\/\",\"name\":\"RROJA Jewels\",\"description\":\"\",\"publisher\":{\"@id\":\"https:\\\/\\\/rroja.com\\\/#organization\"},\"potentialAction\":[{\"@type\":\"SearchAction\",\"target\":{\"@type\":\"EntryPoint\",\"urlTemplate\":\"https:\\\/\\\/rroja.com\\\/?s={search_term_string}\"},\"query-input\":{\"@type\":\"PropertyValueSpecification\",\"valueRequired\":true,\"valueName\":\"search_term_string\"}}],\"inLanguage\":\"fr-FR\"},{\"@type\":\"Organization\",\"@id\":\"https:\\\/\\\/rroja.com\\\/#organization\",\"name\":\"RROJA Jewels\",\"url\":\"https:\\\/\\\/rroja.com\\\/\",\"logo\":{\"@type\":\"ImageObject\",\"inLanguage\":\"fr-FR\",\"@id\":\"https:\\\/\\\/rroja.com\\\/#\\\/schema\\\/logo\\\/image\\\/\",\"url\":\"https:\\\/\\\/rroja.com\\\/wp-content\\\/uploads\\\/cropped-Logo_RROJA.png\",\"contentUrl\":\"https:\\\/\\\/rroja.com\\\/wp-content\\\/uploads\\\/cropped-Logo_RROJA.png\",\"width\":470,\"height\":110,\"caption\":\"RROJA Jewels\"},\"image\":{\"@id\":\"https:\\\/\\\/rroja.com\\\/#\\\/schema\\\/logo\\\/image\\\/\"}}]}<\/script>\n<!-- \/ Yoast SEO Premium plugin. -->","yoast_head_json":{"title":"Balanced Grace Ring - RROJA Jewels","robots":{"index":"index","follow":"follow","max-snippet":"max-snippet:-1","max-image-preview":"max-image-preview:large","max-video-preview":"max-video-preview:-1"},"canonical":"https:\/\/rroja.com\/fr\/produit\/balanced-grace-ring\/","og_locale":"fr_FR","og_type":"article","og_title":"Balanced Grace Ring","og_description":"Wrap your finger in the exquisite Balanced Grace Ring, a tribute to balance and grace that complements your journey.  Delivery time upto 4 weeks.  Create your custom ring","og_url":"https:\/\/rroja.com\/fr\/produit\/balanced-grace-ring\/","og_site_name":"RROJA Jewels","article_modified_time":"2026-04-29T04:43:57+00:00","og_image":[{"width":1920,"height":1920,"url":"https:\/\/rroja.com\/wp-content\/uploads\/r2-y1.3.png","type":"image\/png"}],"twitter_card":"summary_large_image","twitter_misc":{"Dur\u00e9e de lecture estim\u00e9e":"1 minute"},"schema":{"@context":"https:\/\/schema.org","@graph":[{"@type":"WebPage","@id":"https:\/\/rroja.com\/product\/balanced-grace-ring\/","url":"https:\/\/rroja.com\/product\/balanced-grace-ring\/","name":"Balanced Grace Ring - RROJA Jewels","isPartOf":{"@id":"https:\/\/rroja.com\/#website"},"primaryImageOfPage":{"@id":"https:\/\/rroja.com\/product\/balanced-grace-ring\/#primaryimage"},"image":{"@id":"https:\/\/rroja.com\/product\/balanced-grace-ring\/#primaryimage"},"thumbnailUrl":"https:\/\/rroja.com\/wp-content\/uploads\/r2-y1.3.png","datePublished":"2023-10-18T14:01:21+00:00","dateModified":"2026-04-29T04:43:57+00:00","breadcrumb":{"@id":"https:\/\/rroja.com\/product\/balanced-grace-ring\/#breadcrumb"},"inLanguage":"fr-FR","potentialAction":[{"@type":"ReadAction","target":["https:\/\/rroja.com\/product\/balanced-grace-ring\/"]}]},{"@type":"ImageObject","inLanguage":"fr-FR","@id":"https:\/\/rroja.com\/product\/balanced-grace-ring\/#primaryimage","url":"https:\/\/rroja.com\/wp-content\/uploads\/r2-y1.3.png","contentUrl":"https:\/\/rroja.com\/wp-content\/uploads\/r2-y1.3.png","width":1920,"height":1920},{"@type":"BreadcrumbList","@id":"https:\/\/rroja.com\/product\/balanced-grace-ring\/#breadcrumb","itemListElement":[{"@type":"ListItem","position":1,"name":"Home","item":"https:\/\/rroja.com\/"},{"@type":"ListItem","position":2,"name":"Custom Diamond Rings","item":"https:\/\/rroja.com\/store\/"},{"@type":"ListItem","position":3,"name":"Balanced Grace Ring"}]},{"@type":"WebSite","@id":"https:\/\/rroja.com\/#website","url":"https:\/\/rroja.com\/","name":"RROJA Jewels","description":"","publisher":{"@id":"https:\/\/rroja.com\/#organization"},"potentialAction":[{"@type":"SearchAction","target":{"@type":"EntryPoint","urlTemplate":"https:\/\/rroja.com\/?s={search_term_string}"},"query-input":{"@type":"PropertyValueSpecification","valueRequired":true,"valueName":"search_term_string"}}],"inLanguage":"fr-FR"},{"@type":"Organization","@id":"https:\/\/rroja.com\/#organization","name":"RROJA Jewels","url":"https:\/\/rroja.com\/","logo":{"@type":"ImageObject","inLanguage":"fr-FR","@id":"https:\/\/rroja.com\/#\/schema\/logo\/image\/","url":"https:\/\/rroja.com\/wp-content\/uploads\/cropped-Logo_RROJA.png","contentUrl":"https:\/\/rroja.com\/wp-content\/uploads\/cropped-Logo_RROJA.png","width":470,"height":110,"caption":"RROJA Jewels"},"image":{"@id":"https:\/\/rroja.com\/#\/schema\/logo\/image\/"}}]}},"_links":{"self":[{"href":"https:\/\/rroja.com\/fr\/wp-json\/wp\/v2\/product\/322","targetHints":{"allow":["GET"]}}],"collection":[{"href":"https:\/\/rroja.com\/fr\/wp-json\/wp\/v2\/product"}],"about":[{"href":"https:\/\/rroja.com\/fr\/wp-json\/wp\/v2\/types\/product"}],"wp:featuredmedia":[{"embeddable":true,"href":"https:\/\/rroja.com\/fr\/wp-json\/wp\/v2\/media\/3375"}],"wp:attachment":[{"href":"https:\/\/rroja.com\/fr\/wp-json\/wp\/v2\/media?parent=322"}],"wp:term":[{"taxonomy":"product_brand","embeddable":true,"href":"https:\/\/rroja.com\/fr\/wp-json\/wp\/v2\/product_brand?post=322"},{"taxonomy":"product_cat","embeddable":true,"href":"https:\/\/rroja.com\/fr\/wp-json\/wp\/v2\/product_cat?post=322"},{"taxonomy":"product_tag","embeddable":true,"href":"https:\/\/rroja.com\/fr\/wp-json\/wp\/v2\/product_tag?post=322"}],"curies":[{"name":"wp","href":"https:\/\/api.w.org\/{rel}","templated":true}]}}