{"id":141,"date":"2023-10-27T13:49:21","date_gmt":"2023-10-27T11:49:21","guid":{"rendered":"https:\/\/rroja.com\/?page_id=141"},"modified":"2024-03-31T15:21:19","modified_gmt":"2024-03-31T13:21:19","slug":"rroja-jewels-partner","status":"publish","type":"page","link":"https:\/\/rroja.com\/hu\/rroja-jewels-partner\/","title":{"rendered":"RROJA Jewels Partnerek"},"content":{"rendered":"<p><strong>R\u00e9sze lett RROJA \u00c9kszereket. T\u00f6ltse ki a Partner<\/strong> <strong>\u0171rlapot, majd felvessz\u00fck \u00f6nnel a kapcsolatot, amint lehets\u00e9ges.<\/strong><\/p>\n\n\n\n<div class=\"wp-block-buttons is-layout-flex wp-block-buttons-is-layout-flex\">\n<div class=\"wp-block-button\"><a class=\"wp-block-button__link wp-element-button\" href=\"https:\/\/rroja.com\/hu\/partner-sectie\/\">Iratkozzon fel partnerk\u00e9nt<\/a><\/div>\n<\/div>","protected":false},"excerpt":{"rendered":"<p>Become a part of RROJA Jewels. Fill out the Partner form and we will contact you as soon as possible.<\/p>","protected":false},"author":2,"featured_media":0,"parent":0,"menu_order":0,"comment_status":"closed","ping_status":"closed","template":"","meta":{"footnotes":""},"class_list":["post-141","page","type-page","status-publish","hentry"],"yoast_head":"<!-- This site is optimized with the Yoast SEO Premium plugin v21.8 (Yoast SEO v27.5) - https:\/\/yoast.com\/product\/yoast-seo-premium-wordpress\/ -->\n<title>RROJA Jewels Partner - RROJA Jewels<\/title>\n<meta name=\"robots\" content=\"index, follow, max-snippet:-1, max-image-preview:large, max-video-preview:-1\" \/>\n<link rel=\"canonical\" href=\"https:\/\/rroja.com\/hu\/rroja-jewels-partner\/\" \/>\n<meta property=\"og:locale\" content=\"hu_HU\" \/>\n<meta property=\"og:type\" content=\"article\" \/>\n<meta property=\"og:title\" content=\"RROJA Jewels Partner\" \/>\n<meta property=\"og:description\" content=\"Become a part of RROJA Jewels. Fill out the Partner form and we will contact you as soon as possible.\" \/>\n<meta property=\"og:url\" content=\"https:\/\/rroja.com\/hu\/rroja-jewels-partner\/\" \/>\n<meta property=\"og:site_name\" content=\"RROJA Jewels\" \/>\n<meta property=\"article:modified_time\" content=\"2024-03-31T13:21:19+00:00\" \/>\n<meta name=\"twitter:card\" content=\"summary_large_image\" \/>\n<meta name=\"twitter:label1\" content=\"Becs\u00fclt olvas\u00e1si id\u0151\" \/>\n\t<meta name=\"twitter:data1\" content=\"1 perc\" \/>\n<script type=\"application\/ld+json\" class=\"yoast-schema-graph\">{\"@context\":\"https:\\\/\\\/schema.org\",\"@graph\":[{\"@type\":\"WebPage\",\"@id\":\"https:\\\/\\\/rroja.com\\\/rroja-jewels-partner\\\/\",\"url\":\"https:\\\/\\\/rroja.com\\\/rroja-jewels-partner\\\/\",\"name\":\"RROJA Jewels Partner - RROJA Jewels\",\"isPartOf\":{\"@id\":\"https:\\\/\\\/rroja.com\\\/#website\"},\"datePublished\":\"2023-10-27T11:49:21+00:00\",\"dateModified\":\"2024-03-31T13:21:19+00:00\",\"breadcrumb\":{\"@id\":\"https:\\\/\\\/rroja.com\\\/rroja-jewels-partner\\\/#breadcrumb\"},\"inLanguage\":\"hu\",\"potentialAction\":[{\"@type\":\"ReadAction\",\"target\":[\"https:\\\/\\\/rroja.com\\\/rroja-jewels-partner\\\/\"]}]},{\"@type\":\"BreadcrumbList\",\"@id\":\"https:\\\/\\\/rroja.com\\\/rroja-jewels-partner\\\/#breadcrumb\",\"itemListElement\":[{\"@type\":\"ListItem\",\"position\":1,\"name\":\"Home\",\"item\":\"https:\\\/\\\/rroja.com\\\/\"},{\"@type\":\"ListItem\",\"position\":2,\"name\":\"RROJA Jewels Partner\"}]},{\"@type\":\"WebSite\",\"@id\":\"https:\\\/\\\/rroja.com\\\/#website\",\"url\":\"https:\\\/\\\/rroja.com\\\/\",\"name\":\"RROJA Jewels\",\"description\":\"\",\"publisher\":{\"@id\":\"https:\\\/\\\/rroja.com\\\/#organization\"},\"potentialAction\":[{\"@type\":\"SearchAction\",\"target\":{\"@type\":\"EntryPoint\",\"urlTemplate\":\"https:\\\/\\\/rroja.com\\\/?s={search_term_string}\"},\"query-input\":{\"@type\":\"PropertyValueSpecification\",\"valueRequired\":true,\"valueName\":\"search_term_string\"}}],\"inLanguage\":\"hu\"},{\"@type\":\"Organization\",\"@id\":\"https:\\\/\\\/rroja.com\\\/#organization\",\"name\":\"RROJA Jewels\",\"url\":\"https:\\\/\\\/rroja.com\\\/\",\"logo\":{\"@type\":\"ImageObject\",\"inLanguage\":\"hu\",\"@id\":\"https:\\\/\\\/rroja.com\\\/#\\\/schema\\\/logo\\\/image\\\/\",\"url\":\"https:\\\/\\\/rroja.com\\\/wp-content\\\/uploads\\\/cropped-Logo_RROJA.png\",\"contentUrl\":\"https:\\\/\\\/rroja.com\\\/wp-content\\\/uploads\\\/cropped-Logo_RROJA.png\",\"width\":470,\"height\":110,\"caption\":\"RROJA Jewels\"},\"image\":{\"@id\":\"https:\\\/\\\/rroja.com\\\/#\\\/schema\\\/logo\\\/image\\\/\"}}]}<\/script>\n<!-- \/ Yoast SEO Premium plugin. -->","yoast_head_json":{"title":"RROJA Jewels Partner - RROJA Jewels","robots":{"index":"index","follow":"follow","max-snippet":"max-snippet:-1","max-image-preview":"max-image-preview:large","max-video-preview":"max-video-preview:-1"},"canonical":"https:\/\/rroja.com\/hu\/rroja-jewels-partner\/","og_locale":"hu_HU","og_type":"article","og_title":"RROJA Jewels Partner","og_description":"Become a part of RROJA Jewels. Fill out the Partner form and we will contact you as soon as possible.","og_url":"https:\/\/rroja.com\/hu\/rroja-jewels-partner\/","og_site_name":"RROJA Jewels","article_modified_time":"2024-03-31T13:21:19+00:00","twitter_card":"summary_large_image","twitter_misc":{"Becs\u00fclt olvas\u00e1si id\u0151":"1 perc"},"schema":{"@context":"https:\/\/schema.org","@graph":[{"@type":"WebPage","@id":"https:\/\/rroja.com\/rroja-jewels-partner\/","url":"https:\/\/rroja.com\/rroja-jewels-partner\/","name":"RROJA Jewels Partner - RROJA Jewels","isPartOf":{"@id":"https:\/\/rroja.com\/#website"},"datePublished":"2023-10-27T11:49:21+00:00","dateModified":"2024-03-31T13:21:19+00:00","breadcrumb":{"@id":"https:\/\/rroja.com\/rroja-jewels-partner\/#breadcrumb"},"inLanguage":"hu","potentialAction":[{"@type":"ReadAction","target":["https:\/\/rroja.com\/rroja-jewels-partner\/"]}]},{"@type":"BreadcrumbList","@id":"https:\/\/rroja.com\/rroja-jewels-partner\/#breadcrumb","itemListElement":[{"@type":"ListItem","position":1,"name":"Home","item":"https:\/\/rroja.com\/"},{"@type":"ListItem","position":2,"name":"RROJA Jewels Partner"}]},{"@type":"WebSite","@id":"https:\/\/rroja.com\/#website","url":"https:\/\/rroja.com\/","name":"RROJA Jewels","description":"","publisher":{"@id":"https:\/\/rroja.com\/#organization"},"potentialAction":[{"@type":"SearchAction","target":{"@type":"EntryPoint","urlTemplate":"https:\/\/rroja.com\/?s={search_term_string}"},"query-input":{"@type":"PropertyValueSpecification","valueRequired":true,"valueName":"search_term_string"}}],"inLanguage":"hu"},{"@type":"Organization","@id":"https:\/\/rroja.com\/#organization","name":"RROJA Jewels","url":"https:\/\/rroja.com\/","logo":{"@type":"ImageObject","inLanguage":"hu","@id":"https:\/\/rroja.com\/#\/schema\/logo\/image\/","url":"https:\/\/rroja.com\/wp-content\/uploads\/cropped-Logo_RROJA.png","contentUrl":"https:\/\/rroja.com\/wp-content\/uploads\/cropped-Logo_RROJA.png","width":470,"height":110,"caption":"RROJA Jewels"},"image":{"@id":"https:\/\/rroja.com\/#\/schema\/logo\/image\/"}}]}},"_links":{"self":[{"href":"https:\/\/rroja.com\/hu\/wp-json\/wp\/v2\/pages\/141","targetHints":{"allow":["GET"]}}],"collection":[{"href":"https:\/\/rroja.com\/hu\/wp-json\/wp\/v2\/pages"}],"about":[{"href":"https:\/\/rroja.com\/hu\/wp-json\/wp\/v2\/types\/page"}],"author":[{"embeddable":true,"href":"https:\/\/rroja.com\/hu\/wp-json\/wp\/v2\/users\/2"}],"replies":[{"embeddable":true,"href":"https:\/\/rroja.com\/hu\/wp-json\/wp\/v2\/comments?post=141"}],"version-history":[{"count":11,"href":"https:\/\/rroja.com\/hu\/wp-json\/wp\/v2\/pages\/141\/revisions"}],"predecessor-version":[{"id":2779,"href":"https:\/\/rroja.com\/hu\/wp-json\/wp\/v2\/pages\/141\/revisions\/2779"}],"wp:attachment":[{"href":"https:\/\/rroja.com\/hu\/wp-json\/wp\/v2\/media?parent=141"}],"curies":[{"name":"wp","href":"https:\/\/api.w.org\/{rel}","templated":true}]}}