{"id":688,"date":"2023-11-20T10:30:21","date_gmt":"2023-11-20T09:30:21","guid":{"rendered":"https:\/\/rroja.com\/?page_id=688"},"modified":"2026-03-01T11:59:11","modified_gmt":"2026-03-01T10:59:11","slug":"return-policy","status":"publish","type":"page","link":"https:\/\/rroja.com\/it\/return-policy\/","title":{"rendered":"Politica di restituzione"},"content":{"rendered":"<p>Noi di RROJA Jewels ci impegniamo a fondo per garantire che i nostri clienti siano completamente soddisfatti dei nostri prodotti. Il nostro obiettivo \u00e8 fornire articoli di alta qualit\u00e0 e, a sostegno di questo impegno, offriamo una politica di garanzia e restituzione semplice.<\/p>\r\n\r\n\r\n\r\n<p><strong>Garanzia:<\/strong><\/p>\r\n\r\n\r\n\r\n<ul class=\"wp-block-list\">\r\n<li>Tutti RROJA Gioielli prodotti sono dotati di un generoso due anni di Garanzia del Produttore. La garanzia copre eventuali difetti di fabbricazione. Se l&#039;articolo \u00e8 trovato ad avere un difetto, si proceder\u00e0 alla riparazione senza alcun costo, a condizione che soddisfi le condizioni di garanzia. Per le richieste di riparazione, si prega di contattarci. Il processo di riparazione, anche dura circa 25 giorni lavorativi. Ricordate di non inviare elementi complementari come i contenitori di regalo o certificati, in quanto questi non saranno restituiti dopo la riparazione. Avere il vostro elemento riparati da terzi invalidare la garanzia di due anni.<\/li>\r\n<\/ul>\r\n\r\n\r\n\r\n<p><strong>Termini e condizioni della garanzia:<\/strong><\/p>\r\n\r\n\r\n\r\n<ol class=\"wp-block-list\">\r\n<li>La garanzia copre esclusivamente i difetti originati dal processo di fabbricazione e non comprende i danni derivanti da incidenti, uso improprio, abuso, negligenza, non autorizzato di assistenza, o la normale usura.<\/li>\r\n\r\n\r\n\r\n<li>La garanzia decade se l'articolo \u00e8 stato alterato in qualsiasi modo da terzi, come ad esempio un altro gioielliere, al di fuori di RROJA Jewels.<\/li>\r\n\r\n\r\n\r\n<li>Se una qualsiasi parte del gioiello, comprese pietre, catene o fermagli, si stacca, \u00e8 necessario restituire tutte le parti per la riparazione. Non siamo responsabili di componenti o pietre mancanti.<\/li>\r\n\r\n\r\n\r\n<li>La garanzia di due anni non \u00e8 trasferibile a terzi.<\/li>\r\n<\/ol>\r\n\r\n\r\n\r\n<p>La garanzia del produttore non copre:<\/p>\r\n\r\n\r\n\r\n<ol class=\"wp-block-list\">\r\n<li>Scolorimento dovuto all'esposizione a sostanze chimiche, al trucco, a piscine, vasche idromassaggio o bagni.<\/li>\r\n\r\n\r\n\r\n<li>Graffi, ammaccature o scheggiature dovute a usura generale o uso improprio.<\/li>\r\n\r\n\r\n\r\n<li>Danni causati da rebbi piegati, incastrati o usurati, che consentono la caduta della pietra per negligenza.<\/li>\r\n\r\n\r\n\r\n<li>Pietre perse o rubate.<\/li>\r\n\r\n\r\n\r\n<li>Articoli che sono stati maltrattati o indossati al di fuori del normale uso quotidiano.<\/li>\r\n<\/ol>\r\n\r\n\r\n\r\n<p>Si noti che alcune caratteristiche, come lievi irregolarit\u00e0 nella lavorazione o caratteristiche naturali del metallo o delle pietre preziose, sono intrinseche all'articolo e non sono considerate difetti.<\/p>\r\n\r\n\r\n\r\n<h3 id=\"h-returns-refund\" class=\"wp-block-heading\">Restituisce\/Rimborso:<\/h3>\r\n<p>Tutti i nostri prodotti sono considerati \u201cbeni realizzati su misura per il consumatore\u201d, secondo la definizione dell'articolo 2, paragrafo 4, della direttiva UE sui diritti dei consumatori (2011\/83\/UE). Ecco perch\u00e9:<\/p>\r\n<p class=\"translation-block\"><strong>Merce non prefabbricate:<\/strong> la merce non \u00e8 ancora stata prodotta al momento dell'ordine e verr\u00e0 prodotta solo dopo che il cliente avr\u00e0 effettuato le proprie scelte individuali.<\/p>\r\n<p class=\"translation-block\"><strong>Scelta individuale o decisione del cliente:<\/strong> il cliente fa scelte specifiche su caratteristiche importanti dei prodotti, come colore del materiale, contenuto di oro, contenuto di argento, diamanti naturali o coltivati \u200b\u200bin laboratorio, purezza del diamante e dimensione . Ci\u00f2 si traduce in un prodotto unico realizzato appositamente per quel cliente.<\/p>\r\n<p>Queste personalizzazioni specifiche rendono il gioiello unico e personale per il cliente. Ci\u00f2 significa che \u00e8 difficile rivendere il prodotto a un altro cliente nella stessa forma. Pertanto, un prodotto di questo tipo rientra nell'esenzione dei beni realizzati su specifica del consumatore o chiaramente personalizzati, come definito nell'articolo 16(c) Eccezioni al diritto di recesso della Direttiva UE sui diritti dei consumatori (2011\/83\/UE), e non \u00e8 soggetto al diritto di recesso standard di 14 giorni.<\/p>\r\n<p>Lo stesso vale per l'acquisto di pietre preziose sfuse.<\/p>\r\n<p>Gli ordini di \u201cbeni realizzati su misura per il consumatore\u201d non possono essere cancellati o restituiti, in conformit\u00e0 all'articolo 16, lettera c), della direttiva 2011\/83\/UE.<\/p>\r\n<p><strong>Ci\u00f2 significa che non accettiamo cancellazioni o restituzioni.<\/strong><\/p>\r\n<p>&nbsp;<\/p>","protected":false},"excerpt":{"rendered":"<p>At RROJA Jewels, we are deeply committed to ensuring our customers are completely satisfied with our products. Our aim is to provide high-quality items, and we offer a straightforward return and warranty policy to support this commitment. Warranty: Warranty Terms and Conditions: The manufacturer\u2019s warranty does not cover: Please note that certain characteristics, such as [&hellip;]<\/p>\n","protected":false},"author":2,"featured_media":0,"parent":0,"menu_order":0,"comment_status":"closed","ping_status":"closed","template":"","meta":{"footnotes":""},"class_list":["post-688","page","type-page","status-publish","hentry"],"yoast_head":"<!-- This site is optimized with the Yoast SEO Premium plugin v21.8 (Yoast SEO v27.5) - https:\/\/yoast.com\/product\/yoast-seo-premium-wordpress\/ -->\n<title>Return Policy - RROJA Jewels<\/title>\n<meta name=\"robots\" content=\"index, follow, max-snippet:-1, max-image-preview:large, max-video-preview:-1\" \/>\n<link rel=\"canonical\" href=\"https:\/\/rroja.com\/it\/return-policy\/\" \/>\n<meta property=\"og:locale\" content=\"it_IT\" \/>\n<meta property=\"og:type\" content=\"article\" \/>\n<meta property=\"og:title\" content=\"Return Policy\" \/>\n<meta property=\"og:description\" content=\"At RROJA Jewels, we are deeply committed to ensuring our customers are completely satisfied with our products. Our aim is to provide high-quality items, and we offer a straightforward return and warranty policy to support this commitment. Warranty: Warranty Terms and Conditions: The manufacturer\u2019s warranty does not cover: Please note that certain characteristics, such as [&hellip;]\" \/>\n<meta property=\"og:url\" content=\"https:\/\/rroja.com\/it\/return-policy\/\" \/>\n<meta property=\"og:site_name\" content=\"RROJA Jewels\" \/>\n<meta property=\"article:modified_time\" content=\"2026-03-01T10:59:11+00:00\" \/>\n<meta name=\"twitter:card\" content=\"summary_large_image\" \/>\n<meta name=\"twitter:label1\" content=\"Tempo di lettura stimato\" \/>\n\t<meta name=\"twitter:data1\" content=\"3 minuti\" \/>\n<script type=\"application\/ld+json\" class=\"yoast-schema-graph\">{\"@context\":\"https:\\\/\\\/schema.org\",\"@graph\":[{\"@type\":\"WebPage\",\"@id\":\"https:\\\/\\\/rroja.com\\\/return-policy\\\/\",\"url\":\"https:\\\/\\\/rroja.com\\\/return-policy\\\/\",\"name\":\"Return Policy - RROJA Jewels\",\"isPartOf\":{\"@id\":\"https:\\\/\\\/rroja.com\\\/#website\"},\"datePublished\":\"2023-11-20T09:30:21+00:00\",\"dateModified\":\"2026-03-01T10:59:11+00:00\",\"breadcrumb\":{\"@id\":\"https:\\\/\\\/rroja.com\\\/return-policy\\\/#breadcrumb\"},\"inLanguage\":\"it-IT\",\"potentialAction\":[{\"@type\":\"ReadAction\",\"target\":[\"https:\\\/\\\/rroja.com\\\/return-policy\\\/\"]}]},{\"@type\":\"BreadcrumbList\",\"@id\":\"https:\\\/\\\/rroja.com\\\/return-policy\\\/#breadcrumb\",\"itemListElement\":[{\"@type\":\"ListItem\",\"position\":1,\"name\":\"Home\",\"item\":\"https:\\\/\\\/rroja.com\\\/\"},{\"@type\":\"ListItem\",\"position\":2,\"name\":\"Return Policy\"}]},{\"@type\":\"WebSite\",\"@id\":\"https:\\\/\\\/rroja.com\\\/#website\",\"url\":\"https:\\\/\\\/rroja.com\\\/\",\"name\":\"RROJA Jewels\",\"description\":\"\",\"publisher\":{\"@id\":\"https:\\\/\\\/rroja.com\\\/#organization\"},\"potentialAction\":[{\"@type\":\"SearchAction\",\"target\":{\"@type\":\"EntryPoint\",\"urlTemplate\":\"https:\\\/\\\/rroja.com\\\/?s={search_term_string}\"},\"query-input\":{\"@type\":\"PropertyValueSpecification\",\"valueRequired\":true,\"valueName\":\"search_term_string\"}}],\"inLanguage\":\"it-IT\"},{\"@type\":\"Organization\",\"@id\":\"https:\\\/\\\/rroja.com\\\/#organization\",\"name\":\"RROJA Jewels\",\"url\":\"https:\\\/\\\/rroja.com\\\/\",\"logo\":{\"@type\":\"ImageObject\",\"inLanguage\":\"it-IT\",\"@id\":\"https:\\\/\\\/rroja.com\\\/#\\\/schema\\\/logo\\\/image\\\/\",\"url\":\"https:\\\/\\\/rroja.com\\\/wp-content\\\/uploads\\\/cropped-Logo_RROJA.png\",\"contentUrl\":\"https:\\\/\\\/rroja.com\\\/wp-content\\\/uploads\\\/cropped-Logo_RROJA.png\",\"width\":470,\"height\":110,\"caption\":\"RROJA Jewels\"},\"image\":{\"@id\":\"https:\\\/\\\/rroja.com\\\/#\\\/schema\\\/logo\\\/image\\\/\"}}]}<\/script>\n<!-- \/ Yoast SEO Premium plugin. -->","yoast_head_json":{"title":"Return Policy - RROJA Jewels","robots":{"index":"index","follow":"follow","max-snippet":"max-snippet:-1","max-image-preview":"max-image-preview:large","max-video-preview":"max-video-preview:-1"},"canonical":"https:\/\/rroja.com\/it\/return-policy\/","og_locale":"it_IT","og_type":"article","og_title":"Return Policy","og_description":"At RROJA Jewels, we are deeply committed to ensuring our customers are completely satisfied with our products. Our aim is to provide high-quality items, and we offer a straightforward return and warranty policy to support this commitment. Warranty: Warranty Terms and Conditions: The manufacturer\u2019s warranty does not cover: Please note that certain characteristics, such as [&hellip;]","og_url":"https:\/\/rroja.com\/it\/return-policy\/","og_site_name":"RROJA Jewels","article_modified_time":"2026-03-01T10:59:11+00:00","twitter_card":"summary_large_image","twitter_misc":{"Tempo di lettura stimato":"3 minuti"},"schema":{"@context":"https:\/\/schema.org","@graph":[{"@type":"WebPage","@id":"https:\/\/rroja.com\/return-policy\/","url":"https:\/\/rroja.com\/return-policy\/","name":"Return Policy - RROJA Jewels","isPartOf":{"@id":"https:\/\/rroja.com\/#website"},"datePublished":"2023-11-20T09:30:21+00:00","dateModified":"2026-03-01T10:59:11+00:00","breadcrumb":{"@id":"https:\/\/rroja.com\/return-policy\/#breadcrumb"},"inLanguage":"it-IT","potentialAction":[{"@type":"ReadAction","target":["https:\/\/rroja.com\/return-policy\/"]}]},{"@type":"BreadcrumbList","@id":"https:\/\/rroja.com\/return-policy\/#breadcrumb","itemListElement":[{"@type":"ListItem","position":1,"name":"Home","item":"https:\/\/rroja.com\/"},{"@type":"ListItem","position":2,"name":"Return Policy"}]},{"@type":"WebSite","@id":"https:\/\/rroja.com\/#website","url":"https:\/\/rroja.com\/","name":"Gioielli RROJA","description":"","publisher":{"@id":"https:\/\/rroja.com\/#organization"},"potentialAction":[{"@type":"SearchAction","target":{"@type":"EntryPoint","urlTemplate":"https:\/\/rroja.com\/?s={search_term_string}"},"query-input":{"@type":"PropertyValueSpecification","valueRequired":true,"valueName":"search_term_string"}}],"inLanguage":"it-IT"},{"@type":"Organization","@id":"https:\/\/rroja.com\/#organization","name":"Gioielli RROJA","url":"https:\/\/rroja.com\/","logo":{"@type":"ImageObject","inLanguage":"it-IT","@id":"https:\/\/rroja.com\/#\/schema\/logo\/image\/","url":"https:\/\/rroja.com\/wp-content\/uploads\/cropped-Logo_RROJA.png","contentUrl":"https:\/\/rroja.com\/wp-content\/uploads\/cropped-Logo_RROJA.png","width":470,"height":110,"caption":"RROJA Jewels"},"image":{"@id":"https:\/\/rroja.com\/#\/schema\/logo\/image\/"}}]}},"_links":{"self":[{"href":"https:\/\/rroja.com\/it\/wp-json\/wp\/v2\/pages\/688","targetHints":{"allow":["GET"]}}],"collection":[{"href":"https:\/\/rroja.com\/it\/wp-json\/wp\/v2\/pages"}],"about":[{"href":"https:\/\/rroja.com\/it\/wp-json\/wp\/v2\/types\/page"}],"author":[{"embeddable":true,"href":"https:\/\/rroja.com\/it\/wp-json\/wp\/v2\/users\/2"}],"replies":[{"embeddable":true,"href":"https:\/\/rroja.com\/it\/wp-json\/wp\/v2\/comments?post=688"}],"version-history":[{"count":10,"href":"https:\/\/rroja.com\/it\/wp-json\/wp\/v2\/pages\/688\/revisions"}],"predecessor-version":[{"id":3852,"href":"https:\/\/rroja.com\/it\/wp-json\/wp\/v2\/pages\/688\/revisions\/3852"}],"wp:attachment":[{"href":"https:\/\/rroja.com\/it\/wp-json\/wp\/v2\/media?parent=688"}],"curies":[{"name":"wp","href":"https:\/\/api.w.org\/{rel}","templated":true}]}}