{"id":594,"date":"2023-10-27T14:15:28","date_gmt":"2023-10-27T12:15:28","guid":{"rendered":"https:\/\/rroja.com\/partner-sectie\/"},"modified":"2023-11-20T11:03:14","modified_gmt":"2023-11-20T10:03:14","slug":"partner-sectie","status":"publish","type":"page","link":"https:\/\/rroja.com\/pl\/partner-sectie\/","title":{"rendered":"Sekcja dla partner\u00f3w"},"content":{"rendered":"<form id=\"affwp-register-form-69f1f7c2c24c6\" class=\"affwp-form affwp-register-form\" action=\"\" method=\"post\" data-trp-original-action=\"\">\n\n\t\t\t\n\t\t\t<fieldset>\n\t\t\t\t<legend>Zarejestruj nowe konto partnerskie<\/legend>\n\n\t\t\t\t\n\t\t\t\t\n\n\t\t<p>\n\t\t\t<label for=\"affwp-user-name\" class=\"affwp-field-label\">Nazwa<\/label>\n\t\t\t<input\n\t\t\t\ttype=\"text\"\n\t\t\t\tid=\"affwp-user-name\"\n\t\t\t\tname=\"affwp_user_name\"\n\t\t\t\ttitle=\"Nazwa\"\n\t\t\t\tvalue=\"\"\n\t\t\t\tplaceholder=\"\"\n\t\t\t\t\t\t\t\t\t\t\t\t class=\"affwp-field affwp-field-name\"\t\t\t\/>\n\t\t<\/p>\n\n\t\t\n\n\n\t\t<p>\n\t\t\t<label for=\"affwp-user-login\" class=\"affwp-field-label\">Nazwa u\u017cytkownika <span class=\"required\">(required)<\/span><\/label>\n\t\t\t<input\n\t\t\t\ttype=\"text\"\n\t\t\t\tid=\"affwp-user-login\"\n\t\t\t\tname=\"affwp_user_login\"\n\t\t\t\ttitle=\"Nazwa u\u017cytkownika\"\n\t\t\t\tvalue=\"\"\n\t\t\t\tplaceholder=\"\"\n\t\t\t\trequired\t\t\t\t\t\t\t\t class=\"affwp-field affwp-field-name\"\t\t\t\/>\n\t\t<\/p>\n\n\t\t\n\n\t\t<p>\n\t\t\t<label for=\"affwp-user-email\" class=\"affwp-field-label\">Konto e-mail <span class=\"required\">(required)<\/span><\/label>\n\t\t\t<input\n\t\t\t\ttype=\"email\"\n\t\t\t\tid=\"affwp-user-email\"\n\t\t\t\tname=\"affwp_user_email\"\n\t\t\t\tplaceholder=\"\"\n\t\t\t\ttitle=\"Konto e-mail\"\n\t\t\t\tvalue=\"\"\n\t\t\t\t class=\"affwp-field affwp-field-email\"\t\t\t\t1\t\t\t\t\t\t\t\t\t\/>\n\t\t<\/p>\n\n\t\t\n\n\t\t<p>\n\t\t\t<label for=\"affwp-payment-email\" class=\"affwp-field-label\">P\u0142atno\u015b\u0107 e-mail<\/label>\n\t\t\t<input\n\t\t\t\ttype=\"email\"\n\t\t\t\tid=\"affwp-payment-email\"\n\t\t\t\tname=\"affwp_payment_email\"\n\t\t\t\tplaceholder=\"\"\n\t\t\t\ttitle=\"P\u0142atno\u015b\u0107 e-mail\"\n\t\t\t\tvalue=\"\"\n\t\t\t\t class=\"affwp-field affwp-field-email\"\t\t\t\t\t\t\t\t\t\t\t\/>\n\t\t<\/p>\n\n\t\t\n\n\n\t\t<p>\n\t\t\t<label for=\"affwp-user-url\" class=\"affwp-field-label\">Adres URL witryny<\/label>\n\t\t\t<input\n\t\t\t\ttype=\"url\"\n\t\t\t\tid=\"affwp-user-url\"\n\t\t\t\tvalue=\"\"\n\t\t\t\tname=\"affwp_user_url\"\n\t\t\t\ttitle=\"Adres URL witryny\"\n\t\t\t\tplaceholder=\"\"\n\t\t\t\t class=\"affwp-field affwp-field-website\"\t\t\t\t\t\t\t\/>\n\t\t<\/p>\n\n\t\t\n\n\n\t\t<p>\n\t\t\t<label for=\"affwp-promotion-method\" class=\"affwp-field-label\">Jak zamierzasz promowa\u0107 RROJA Jewels?<\/label>\t\t\t<textarea\n\t\t\t\tname=\"affwp_promotion_method\"\n\t\t\t\tid=\"affwp-promotion-method\"\n\t\t\t\trows=\"5\"\n\t\t\t\ttitle=\"Jak zamierzasz promowa\u0107 RROJA Jewels?\"\n\t\t\t\tplaceholder=\"\"\n\t\t\t\t\t\t\t\t class=\"affwp-field affwp-field-textarea\"\t\t\t\t><\/textarea>\n\t\t<\/p>\n\n\t\t\n\n\n\n\t\t\n\t\t<input type=\"hidden\" name=\"affwp_honeypot\" value=\"\"\/>\n\t\t<input type=\"hidden\" name=\"affwp_redirect\" value=\"\"\/>\n\t\t<input type=\"hidden\" name=\"affwp_register_nonce\" value=\"b827d465be\"\/>\n\t\t<input type=\"hidden\" name=\"affwp_action\" value=\"affiliate_register\"\/>\n\t\t\t\t\t<input type=\"hidden\" name=\"affwp_post_id\" value=\"594\"\/>\n\t\t\t<input type=\"hidden\" name=\"affwp_block_hash\" value=\"3826049593\">\n\t\t\n\t\t\n\t\t\t<input  class=\"button\" type=\"submit\" value=\"Register\" \/>\n\t\t\t\n\t\t\n\t\t\n\n\t\t\t\t\t\t\t<\/fieldset>\n\n\t\t\t\n\t\t<input type=\"hidden\" name=\"trp-form-language\" value=\"pl\"\/><\/form>\n\t\t\n\n\n\t\t<form id=\"affwp-login-form-69f1f7c2c254c\" class=\"affwp-form affwp-login-form\" action=\"\" method=\"post\" data-trp-original-action=\"\">\n\t\t\t\n\t\t\t<fieldset>\n\t\t\t\t<legend>Zaloguj si\u0119 na swoje konto<\/legend>\n\n\t\t\t\t\n\t\t\t\t<p>\n\t\t\t\t\t<label for=\"affwp-login-user-login\">Nazwa u\u017cytkownika<\/label>\n\t\t\t\t\t<input\n\t\t\t\t\t\tid=\"affwp-login-user-login\"\n\t\t\t\t\t\tclass=\"required\"\n\t\t\t\t\t\ttype=\"text\"\n\t\t\t\t\t\tname=\"affwp_user_login\"\n\t\t\t\t\t\ttitle=\"Nazwa u\u017cytkownika\"\n\t\t\t\t\t\tplaceholder=\"\"\n\t\t\t\t\t\/>\n\t\t\t\t<\/p>\n\n\t\t\t\t<p>\n\t\t\t\t\t<label for=\"affwp-login-user-pass\">Has\u0142o<\/label>\n\t\t\t\t\t<input\n\t\t\t\t\t\tid=\"affwp-login-user-pass\"\n\t\t\t\t\t\tclass=\"password required\"\n\t\t\t\t\t\ttype=\"password\"\n\t\t\t\t\t\tname=\"affwp_user_pass\"\n\t\t\t\t\t\ttitle=\"Has\u0142o\"\n\t\t\t\t\t\tplaceholder=\"\"\n\t\t\t\t\t\/>\n\t\t\t\t<\/p>\n\n\t\t\t\t<p>\n\t\t\t\t\t<label class=\"affwp-user-remember\" for=\"affwp-user-remember\">\n\t\t\t\t\t\t<input\n\t\t\t\t\t\t\tid=\"affwp-user-remember\"\n\t\t\t\t\t\t\ttype=\"checkbox\"\n\t\t\t\t\t\t\tname=\"affwp_user_remember\"\n\t\t\t\t\t\t\tvalue=\"1\"\n\t\t\t\t\t\t\/> Remember Me\t\t\t\t\t<\/label>\n\t\t\t\t<\/p>\n\n\n\t\t\t\t<p>\n\t\t\t\t\t\t\t\t\t\t<input type=\"hidden\" name=\"affwp_login_nonce\" value=\"0bb13f5ddf\"\/>\n\t\t\t\t\t<input type=\"hidden\" name=\"affwp_action\" value=\"user_login\"\/>\n\n\t\t\t\t\t<input type=\"submit\" class=\"button\" value=\"Zaloguj si\u0119\" \/>\t\t\t\t<\/p>\n\n\t\t\t\t<p class=\"affwp-lost-password\">\n\t\t\t\t\t<a href=\"https:\/\/rroja.com\/pl\/mijn-account\/lost-password\/\">Lost your password?<\/a>\n\t\t\t\t<\/p>\n\n\t\t\t\t\t\t\t<\/fieldset>\n\n\t\t\t\t\t<input type=\"hidden\" name=\"trp-form-language\" value=\"pl\"\/><\/form>","protected":false},"excerpt":{"rendered":"","protected":false},"author":2,"featured_media":0,"parent":0,"menu_order":0,"comment_status":"closed","ping_status":"closed","template":"","meta":{"footnotes":""},"class_list":["post-594","page","type-page","status-publish","hentry"],"yoast_head":"<!-- This site is optimized with the Yoast SEO Premium plugin v21.8 (Yoast SEO v27.5) - https:\/\/yoast.com\/product\/yoast-seo-premium-wordpress\/ -->\n<title>Partner section - RROJA Jewels<\/title>\n<meta name=\"robots\" content=\"index, follow, max-snippet:-1, max-image-preview:large, max-video-preview:-1\" \/>\n<link rel=\"canonical\" href=\"https:\/\/rroja.com\/pl\/partner-sectie\/\" \/>\n<meta property=\"og:locale\" content=\"pl_PL\" \/>\n<meta property=\"og:type\" content=\"article\" \/>\n<meta property=\"og:title\" content=\"Partner section\" \/>\n<meta property=\"og:url\" content=\"https:\/\/rroja.com\/pl\/partner-sectie\/\" \/>\n<meta property=\"og:site_name\" content=\"RROJA Jewels\" \/>\n<meta property=\"article:modified_time\" content=\"2023-11-20T10:03:14+00:00\" \/>\n<meta name=\"twitter:card\" content=\"summary_large_image\" \/>\n<script type=\"application\/ld+json\" class=\"yoast-schema-graph\">{\"@context\":\"https:\\\/\\\/schema.org\",\"@graph\":[{\"@type\":\"WebPage\",\"@id\":\"https:\\\/\\\/rroja.com\\\/partner-sectie\\\/\",\"url\":\"https:\\\/\\\/rroja.com\\\/partner-sectie\\\/\",\"name\":\"Partner section - RROJA Jewels\",\"isPartOf\":{\"@id\":\"https:\\\/\\\/rroja.com\\\/#website\"},\"datePublished\":\"2023-10-27T12:15:28+00:00\",\"dateModified\":\"2023-11-20T10:03:14+00:00\",\"breadcrumb\":{\"@id\":\"https:\\\/\\\/rroja.com\\\/partner-sectie\\\/#breadcrumb\"},\"inLanguage\":\"pl-PL\",\"potentialAction\":[{\"@type\":\"ReadAction\",\"target\":[\"https:\\\/\\\/rroja.com\\\/partner-sectie\\\/\"]}]},{\"@type\":\"BreadcrumbList\",\"@id\":\"https:\\\/\\\/rroja.com\\\/partner-sectie\\\/#breadcrumb\",\"itemListElement\":[{\"@type\":\"ListItem\",\"position\":1,\"name\":\"Home\",\"item\":\"https:\\\/\\\/rroja.com\\\/\"},{\"@type\":\"ListItem\",\"position\":2,\"name\":\"Partner section\"}]},{\"@type\":\"WebSite\",\"@id\":\"https:\\\/\\\/rroja.com\\\/#website\",\"url\":\"https:\\\/\\\/rroja.com\\\/\",\"name\":\"RROJA Jewels\",\"description\":\"\",\"publisher\":{\"@id\":\"https:\\\/\\\/rroja.com\\\/#organization\"},\"potentialAction\":[{\"@type\":\"SearchAction\",\"target\":{\"@type\":\"EntryPoint\",\"urlTemplate\":\"https:\\\/\\\/rroja.com\\\/?s={search_term_string}\"},\"query-input\":{\"@type\":\"PropertyValueSpecification\",\"valueRequired\":true,\"valueName\":\"search_term_string\"}}],\"inLanguage\":\"pl-PL\"},{\"@type\":\"Organization\",\"@id\":\"https:\\\/\\\/rroja.com\\\/#organization\",\"name\":\"RROJA Jewels\",\"url\":\"https:\\\/\\\/rroja.com\\\/\",\"logo\":{\"@type\":\"ImageObject\",\"inLanguage\":\"pl-PL\",\"@id\":\"https:\\\/\\\/rroja.com\\\/#\\\/schema\\\/logo\\\/image\\\/\",\"url\":\"https:\\\/\\\/rroja.com\\\/wp-content\\\/uploads\\\/cropped-Logo_RROJA.png\",\"contentUrl\":\"https:\\\/\\\/rroja.com\\\/wp-content\\\/uploads\\\/cropped-Logo_RROJA.png\",\"width\":470,\"height\":110,\"caption\":\"RROJA Jewels\"},\"image\":{\"@id\":\"https:\\\/\\\/rroja.com\\\/#\\\/schema\\\/logo\\\/image\\\/\"}}]}<\/script>\n<!-- \/ Yoast SEO Premium plugin. -->","yoast_head_json":{"title":"Partner section - RROJA Jewels","robots":{"index":"index","follow":"follow","max-snippet":"max-snippet:-1","max-image-preview":"max-image-preview:large","max-video-preview":"max-video-preview:-1"},"canonical":"https:\/\/rroja.com\/pl\/partner-sectie\/","og_locale":"pl_PL","og_type":"article","og_title":"Partner section","og_url":"https:\/\/rroja.com\/pl\/partner-sectie\/","og_site_name":"RROJA Jewels","article_modified_time":"2023-11-20T10:03:14+00:00","twitter_card":"summary_large_image","schema":{"@context":"https:\/\/schema.org","@graph":[{"@type":"WebPage","@id":"https:\/\/rroja.com\/partner-sectie\/","url":"https:\/\/rroja.com\/partner-sectie\/","name":"Partner section - RROJA Jewels","isPartOf":{"@id":"https:\/\/rroja.com\/#website"},"datePublished":"2023-10-27T12:15:28+00:00","dateModified":"2023-11-20T10:03:14+00:00","breadcrumb":{"@id":"https:\/\/rroja.com\/partner-sectie\/#breadcrumb"},"inLanguage":"pl-PL","potentialAction":[{"@type":"ReadAction","target":["https:\/\/rroja.com\/partner-sectie\/"]}]},{"@type":"BreadcrumbList","@id":"https:\/\/rroja.com\/partner-sectie\/#breadcrumb","itemListElement":[{"@type":"ListItem","position":1,"name":"Home","item":"https:\/\/rroja.com\/"},{"@type":"ListItem","position":2,"name":"Partner section"}]},{"@type":"WebSite","@id":"https:\/\/rroja.com\/#website","url":"https:\/\/rroja.com\/","name":"Klejnoty \u0420\u0420\u041e\u0425\u0410","description":"","publisher":{"@id":"https:\/\/rroja.com\/#organization"},"potentialAction":[{"@type":"SearchAction","target":{"@type":"EntryPoint","urlTemplate":"https:\/\/rroja.com\/?s={search_term_string}"},"query-input":{"@type":"PropertyValueSpecification","valueRequired":true,"valueName":"search_term_string"}}],"inLanguage":"pl-PL"},{"@type":"Organization","@id":"https:\/\/rroja.com\/#organization","name":"Klejnoty \u0420\u0420\u041e\u0425\u0410","url":"https:\/\/rroja.com\/","logo":{"@type":"ImageObject","inLanguage":"pl-PL","@id":"https:\/\/rroja.com\/#\/schema\/logo\/image\/","url":"https:\/\/rroja.com\/wp-content\/uploads\/cropped-Logo_RROJA.png","contentUrl":"https:\/\/rroja.com\/wp-content\/uploads\/cropped-Logo_RROJA.png","width":470,"height":110,"caption":"RROJA Jewels"},"image":{"@id":"https:\/\/rroja.com\/#\/schema\/logo\/image\/"}}]}},"_links":{"self":[{"href":"https:\/\/rroja.com\/pl\/wp-json\/wp\/v2\/pages\/594","targetHints":{"allow":["GET"]}}],"collection":[{"href":"https:\/\/rroja.com\/pl\/wp-json\/wp\/v2\/pages"}],"about":[{"href":"https:\/\/rroja.com\/pl\/wp-json\/wp\/v2\/types\/page"}],"author":[{"embeddable":true,"href":"https:\/\/rroja.com\/pl\/wp-json\/wp\/v2\/users\/2"}],"replies":[{"embeddable":true,"href":"https:\/\/rroja.com\/pl\/wp-json\/wp\/v2\/comments?post=594"}],"version-history":[{"count":3,"href":"https:\/\/rroja.com\/pl\/wp-json\/wp\/v2\/pages\/594\/revisions"}],"predecessor-version":[{"id":695,"href":"https:\/\/rroja.com\/pl\/wp-json\/wp\/v2\/pages\/594\/revisions\/695"}],"wp:attachment":[{"href":"https:\/\/rroja.com\/pl\/wp-json\/wp\/v2\/media?parent=594"}],"curies":[{"name":"wp","href":"https:\/\/api.w.org\/{rel}","templated":true}]}}