{"id":1717,"date":"2024-02-07T11:39:02","date_gmt":"2024-02-07T10:39:02","guid":{"rendered":"https:\/\/rroja.com\/?post_type=product&#038;p=1717"},"modified":"2026-04-29T18:20:22","modified_gmt":"2026-04-29T16:20:22","slug":"enlightened-growth-ring","status":"publish","type":"product","link":"https:\/\/rroja.com\/pl\/produkt\/enlightened-growth-ring\/","title":{"rendered":"O\u015bwiecony pier\u015bcie\u0144 wzrostu"},"content":{"rendered":"","protected":false},"excerpt":{"rendered":"<p>O\u015bwie\u0107 si\u0119 dzi\u0119ki pier\u015bcieniowi O\u015bwiecony pier\u015bcie\u0144 wzrostu, symbolowi ci\u0105g\u0142ego wzrostu i m\u0105dro\u015bci. Niech zainspiruje ci\u0119 do przyjmowania \u017cyciowych lekcji z wdzi\u0119kiem i odporno\u015bci\u0105.<\/p>\n<p><strong>Czas dostawy do 4 tygodni.<\/strong><\/p>\n<p><a class=\"button\" href=\"\/pl\/custom\/\" target=\"_blank\" rel=\"noopener\">Stw\u00f3rz sw\u00f3j w\u0142asny pier\u015bcionek<\/a><\/p>","protected":false},"featured_media":3331,"template":"","meta":[],"product_brand":[],"product_cat":[19],"product_tag":[20],"class_list":{"0":"post-1717","1":"product","2":"type-product","3":"status-publish","4":"has-post-thumbnail","6":"product_cat-rings","7":"product_tag-ring","9":"first","10":"instock","11":"taxable","12":"shipping-taxable","13":"purchasable","14":"product-type-variable","15":"wvs-archive-product-wrapper"},"yoast_head":"<!-- This site is optimized with the Yoast SEO Premium plugin v21.8 (Yoast SEO v27.5) - https:\/\/yoast.com\/product\/yoast-seo-premium-wordpress\/ -->\n<title>Enlightened Growth Ring - RROJA Jewels<\/title>\n<meta name=\"robots\" content=\"index, follow, max-snippet:-1, max-image-preview:large, max-video-preview:-1\" \/>\n<link rel=\"canonical\" href=\"https:\/\/rroja.com\/pl\/produkt\/enlightened-growth-ring\/\" \/>\n<meta property=\"og:locale\" content=\"pl_PL\" \/>\n<meta property=\"og:type\" content=\"article\" \/>\n<meta property=\"og:title\" content=\"Enlightened Growth Ring\" \/>\n<meta property=\"og:description\" content=\"Enlighten yourself with the Enlightened Growth Ring, a symbol of continual growth and wisdom. Let this inspire you to embrace life lessons with grace and resilience.  Delivery time upto 4 weeks.  Create your custom ring\" \/>\n<meta property=\"og:url\" content=\"https:\/\/rroja.com\/pl\/produkt\/enlightened-growth-ring\/\" \/>\n<meta property=\"og:site_name\" content=\"RROJA Jewels\" \/>\n<meta property=\"article:modified_time\" content=\"2026-04-29T16:20:22+00:00\" \/>\n<meta property=\"og:image\" content=\"https:\/\/rroja.com\/wp-content\/uploads\/r13-yw1.3.png\" \/>\n\t<meta property=\"og:image:width\" content=\"1920\" \/>\n\t<meta property=\"og:image:height\" content=\"1920\" \/>\n\t<meta property=\"og:image:type\" content=\"image\/png\" \/>\n<meta name=\"twitter:card\" content=\"summary_large_image\" \/>\n<meta name=\"twitter:label1\" content=\"Szacowany czas czytania\" \/>\n\t<meta name=\"twitter:data1\" content=\"1 minuta\" \/>\n<script type=\"application\/ld+json\" class=\"yoast-schema-graph\">{\"@context\":\"https:\\\/\\\/schema.org\",\"@graph\":[{\"@type\":\"WebPage\",\"@id\":\"https:\\\/\\\/rroja.com\\\/product\\\/enlightened-growth-ring\\\/\",\"url\":\"https:\\\/\\\/rroja.com\\\/product\\\/enlightened-growth-ring\\\/\",\"name\":\"Enlightened Growth Ring - RROJA Jewels\",\"isPartOf\":{\"@id\":\"https:\\\/\\\/rroja.com\\\/#website\"},\"primaryImageOfPage\":{\"@id\":\"https:\\\/\\\/rroja.com\\\/product\\\/enlightened-growth-ring\\\/#primaryimage\"},\"image\":{\"@id\":\"https:\\\/\\\/rroja.com\\\/product\\\/enlightened-growth-ring\\\/#primaryimage\"},\"thumbnailUrl\":\"https:\\\/\\\/rroja.com\\\/wp-content\\\/uploads\\\/r13-yw1.3.png\",\"datePublished\":\"2024-02-07T10:39:02+00:00\",\"dateModified\":\"2026-04-29T16:20:22+00:00\",\"breadcrumb\":{\"@id\":\"https:\\\/\\\/rroja.com\\\/product\\\/enlightened-growth-ring\\\/#breadcrumb\"},\"inLanguage\":\"pl-PL\",\"potentialAction\":[{\"@type\":\"ReadAction\",\"target\":[\"https:\\\/\\\/rroja.com\\\/product\\\/enlightened-growth-ring\\\/\"]}]},{\"@type\":\"ImageObject\",\"inLanguage\":\"pl-PL\",\"@id\":\"https:\\\/\\\/rroja.com\\\/product\\\/enlightened-growth-ring\\\/#primaryimage\",\"url\":\"https:\\\/\\\/rroja.com\\\/wp-content\\\/uploads\\\/r13-yw1.3.png\",\"contentUrl\":\"https:\\\/\\\/rroja.com\\\/wp-content\\\/uploads\\\/r13-yw1.3.png\",\"width\":1920,\"height\":1920},{\"@type\":\"BreadcrumbList\",\"@id\":\"https:\\\/\\\/rroja.com\\\/product\\\/enlightened-growth-ring\\\/#breadcrumb\",\"itemListElement\":[{\"@type\":\"ListItem\",\"position\":1,\"name\":\"Home\",\"item\":\"https:\\\/\\\/rroja.com\\\/\"},{\"@type\":\"ListItem\",\"position\":2,\"name\":\"Custom Diamond Rings\",\"item\":\"https:\\\/\\\/rroja.com\\\/store\\\/\"},{\"@type\":\"ListItem\",\"position\":3,\"name\":\"Enlightened Growth Ring\"}]},{\"@type\":\"WebSite\",\"@id\":\"https:\\\/\\\/rroja.com\\\/#website\",\"url\":\"https:\\\/\\\/rroja.com\\\/\",\"name\":\"RROJA Jewels\",\"description\":\"\",\"publisher\":{\"@id\":\"https:\\\/\\\/rroja.com\\\/#organization\"},\"potentialAction\":[{\"@type\":\"SearchAction\",\"target\":{\"@type\":\"EntryPoint\",\"urlTemplate\":\"https:\\\/\\\/rroja.com\\\/?s={search_term_string}\"},\"query-input\":{\"@type\":\"PropertyValueSpecification\",\"valueRequired\":true,\"valueName\":\"search_term_string\"}}],\"inLanguage\":\"pl-PL\"},{\"@type\":\"Organization\",\"@id\":\"https:\\\/\\\/rroja.com\\\/#organization\",\"name\":\"RROJA Jewels\",\"url\":\"https:\\\/\\\/rroja.com\\\/\",\"logo\":{\"@type\":\"ImageObject\",\"inLanguage\":\"pl-PL\",\"@id\":\"https:\\\/\\\/rroja.com\\\/#\\\/schema\\\/logo\\\/image\\\/\",\"url\":\"https:\\\/\\\/rroja.com\\\/wp-content\\\/uploads\\\/cropped-Logo_RROJA.png\",\"contentUrl\":\"https:\\\/\\\/rroja.com\\\/wp-content\\\/uploads\\\/cropped-Logo_RROJA.png\",\"width\":470,\"height\":110,\"caption\":\"RROJA Jewels\"},\"image\":{\"@id\":\"https:\\\/\\\/rroja.com\\\/#\\\/schema\\\/logo\\\/image\\\/\"}}]}<\/script>\n<!-- \/ Yoast SEO Premium plugin. -->","yoast_head_json":{"title":"Rozja\u015bniony Pier\u015bcie\u0144 Wzrostu - RROJA Jewels","robots":{"index":"index","follow":"follow","max-snippet":"max-snippet:-1","max-image-preview":"max-image-preview:large","max-video-preview":"max-video-preview:-1"},"canonical":"https:\/\/rroja.com\/pl\/produkt\/enlightened-growth-ring\/","og_locale":"pl_PL","og_type":"article","og_title":"Enlightened Growth Ring","og_description":"Enlighten yourself with the Enlightened Growth Ring, a symbol of continual growth and wisdom. Let this inspire you to embrace life lessons with grace and resilience.  Delivery time upto 4 weeks.  Create your custom ring","og_url":"https:\/\/rroja.com\/pl\/produkt\/enlightened-growth-ring\/","og_site_name":"RROJA Jewels","article_modified_time":"2026-04-29T16:20:22+00:00","og_image":[{"width":1920,"height":1920,"url":"https:\/\/rroja.com\/wp-content\/uploads\/r13-yw1.3.png","type":"image\/png"}],"twitter_card":"summary_large_image","twitter_misc":{"Szacowany czas czytania":"1 minuta"},"schema":{"@context":"https:\/\/schema.org","@graph":[{"@type":"WebPage","@id":"https:\/\/rroja.com\/product\/enlightened-growth-ring\/","url":"https:\/\/rroja.com\/product\/enlightened-growth-ring\/","name":"Rozja\u015bniony Pier\u015bcie\u0144 Wzrostu - RROJA Jewels","isPartOf":{"@id":"https:\/\/rroja.com\/#website"},"primaryImageOfPage":{"@id":"https:\/\/rroja.com\/product\/enlightened-growth-ring\/#primaryimage"},"image":{"@id":"https:\/\/rroja.com\/product\/enlightened-growth-ring\/#primaryimage"},"thumbnailUrl":"https:\/\/rroja.com\/wp-content\/uploads\/r13-yw1.3.png","datePublished":"2024-02-07T10:39:02+00:00","dateModified":"2026-04-29T16:20:22+00:00","breadcrumb":{"@id":"https:\/\/rroja.com\/product\/enlightened-growth-ring\/#breadcrumb"},"inLanguage":"pl-PL","potentialAction":[{"@type":"ReadAction","target":["https:\/\/rroja.com\/product\/enlightened-growth-ring\/"]}]},{"@type":"ImageObject","inLanguage":"pl-PL","@id":"https:\/\/rroja.com\/product\/enlightened-growth-ring\/#primaryimage","url":"https:\/\/rroja.com\/wp-content\/uploads\/r13-yw1.3.png","contentUrl":"https:\/\/rroja.com\/wp-content\/uploads\/r13-yw1.3.png","width":1920,"height":1920},{"@type":"BreadcrumbList","@id":"https:\/\/rroja.com\/product\/enlightened-growth-ring\/#breadcrumb","itemListElement":[{"@type":"ListItem","position":1,"name":"Home","item":"https:\/\/rroja.com\/"},{"@type":"ListItem","position":2,"name":"Custom Diamond Rings","item":"https:\/\/rroja.com\/store\/"},{"@type":"ListItem","position":3,"name":"Enlightened Growth Ring"}]},{"@type":"WebSite","@id":"https:\/\/rroja.com\/#website","url":"https:\/\/rroja.com\/","name":"Klejnoty \u0420\u0420\u041e\u0425\u0410","description":"","publisher":{"@id":"https:\/\/rroja.com\/#organization"},"potentialAction":[{"@type":"SearchAction","target":{"@type":"EntryPoint","urlTemplate":"https:\/\/rroja.com\/?s={search_term_string}"},"query-input":{"@type":"PropertyValueSpecification","valueRequired":true,"valueName":"search_term_string"}}],"inLanguage":"pl-PL"},{"@type":"Organization","@id":"https:\/\/rroja.com\/#organization","name":"Klejnoty \u0420\u0420\u041e\u0425\u0410","url":"https:\/\/rroja.com\/","logo":{"@type":"ImageObject","inLanguage":"pl-PL","@id":"https:\/\/rroja.com\/#\/schema\/logo\/image\/","url":"https:\/\/rroja.com\/wp-content\/uploads\/cropped-Logo_RROJA.png","contentUrl":"https:\/\/rroja.com\/wp-content\/uploads\/cropped-Logo_RROJA.png","width":470,"height":110,"caption":"RROJA Jewels"},"image":{"@id":"https:\/\/rroja.com\/#\/schema\/logo\/image\/"}}]}},"_links":{"self":[{"href":"https:\/\/rroja.com\/pl\/wp-json\/wp\/v2\/product\/1717","targetHints":{"allow":["GET"]}}],"collection":[{"href":"https:\/\/rroja.com\/pl\/wp-json\/wp\/v2\/product"}],"about":[{"href":"https:\/\/rroja.com\/pl\/wp-json\/wp\/v2\/types\/product"}],"wp:featuredmedia":[{"embeddable":true,"href":"https:\/\/rroja.com\/pl\/wp-json\/wp\/v2\/media\/3331"}],"wp:attachment":[{"href":"https:\/\/rroja.com\/pl\/wp-json\/wp\/v2\/media?parent=1717"}],"wp:term":[{"taxonomy":"product_brand","embeddable":true,"href":"https:\/\/rroja.com\/pl\/wp-json\/wp\/v2\/product_brand?post=1717"},{"taxonomy":"product_cat","embeddable":true,"href":"https:\/\/rroja.com\/pl\/wp-json\/wp\/v2\/product_cat?post=1717"},{"taxonomy":"product_tag","embeddable":true,"href":"https:\/\/rroja.com\/pl\/wp-json\/wp\/v2\/product_tag?post=1717"}],"curies":[{"name":"wp","href":"https:\/\/api.w.org\/{rel}","templated":true}]}}