{"id":690,"date":"2023-11-20T10:31:53","date_gmt":"2023-11-20T09:31:53","guid":{"rendered":"https:\/\/rroja.com\/?page_id=690"},"modified":"2023-11-20T10:31:53","modified_gmt":"2023-11-20T09:31:53","slug":"shipping-policy","status":"publish","type":"page","link":"https:\/\/rroja.com\/sv\/shipping-policy\/","title":{"rendered":"Fraktpolicy"},"content":{"rendered":"<p>Fraktkostnader och leveranstider<\/p>\n\n\n\n<p><strong>S\u00e4ker och trygg leverans:<\/strong> Din best\u00e4llning kommer att skickas med betrodda transportf\u00f6retag som PostNL eller DHL. Leveranstiden kan variera beroende p\u00e5 var du befinner dig. N\u00e4r ditt paket l\u00e4mnar v\u00e5r anl\u00e4ggning f\u00e5r du ett e-postmeddelande med ett sp\u00e5rningsnummer. Du kan vara s\u00e4ker p\u00e5 att alla v\u00e5ra paket \u00e4r f\u00f6rs\u00e4krade under transporten. Det \u00e4r viktigt att du personligen tar emot paketet eftersom RROJA Jewels inte kan h\u00e5llas ansvarigt f\u00f6r paket som f\u00f6rlorats eller stulits efter leverans. I h\u00e4ndelse av att ditt paket returneras p\u00e5 grund av att du inte \u00e4r tillg\u00e4nglig kan RROJA Jewels debitera dig f\u00f6r omleveranskostnader.<\/p>\n\n\n\n<p><strong>F\u00f6rlorat sp\u00e5rningsnummer eller leveransproblem:<\/strong> Om du inte f\u00e5r ett e-postmeddelande med ditt sp\u00e5rningsnummer, v\u00e4nligen kontrollera din skr\u00e4ppostmapp. Om du tappar bort ditt sp\u00e5rningsnummer eller om leveransstatusen f\u00f6rblir of\u00f6r\u00e4ndrad under en l\u00e4ngre period, tveka inte att kontakta v\u00e5rt kundtj\u00e4nstteam. Om n\u00e5gra problem uppst\u00e5r kommer vi att kontakta transport\u00f6ren f\u00f6r att l\u00f6sa problemet med s\u00e5 lite besv\u00e4r f\u00f6r dig som m\u00f6jligt.<\/p>\n\n\n\n<p><strong>Inspektion av paket:<\/strong> Innan du tar emot leveransen rekommenderar vi att du inspekterar ditt paket. Om du uppt\u00e4cker n\u00e5gra skador p\u00e5 paketet p\u00e5 grund av transport, \u00e4r det l\u00e4mpligt att neka mottagandet och omedelbart l\u00e4mna in ett krav till transport\u00f6ren.<\/p>\n\n\n\n<p><strong>Leveransadress:<\/strong> Observera att v\u00e5ra leveranser endast kan ske till fysiska bostads- eller f\u00f6retagsadresser. Observera att kurirer inte kan leverera paket till postboxar, och s\u00e5dana paket kan inte f\u00f6rs\u00e4kras. Om du f\u00f6redrar att ditt paket skickas till en postbox, v\u00e4nligen f\u00f6rst\u00e5 att RROJA Jewels inte kan ta ansvar f\u00f6r eventuella f\u00f6rseningar, f\u00f6rlorade paket eller adress\u00e4ndringar. Om du vill att din best\u00e4llning ska skickas till en adress som skiljer sig fr\u00e5n faktureringsadressen, se till att du anger n\u00f6dv\u00e4ndiga leveransuppgifter n\u00e4r du g\u00f6r din best\u00e4llning.<\/p>\n\n\n\n<p>Av s\u00e4kerhetssk\u00e4l \u00e4r det viktigt att notera att leverans- och faktureringsadressinformationen inte kan \u00e4ndras efter att du har lagt en best\u00e4llning. Om du inte kommer att vara tillg\u00e4nglig p\u00e5 den angivna leveransadressen vid leveranstillf\u00e4llet rekommenderar vi att du kontaktar v\u00e5r kundsupport. I vissa fall kan vi skjuta upp leveransen f\u00f6r att passa ditt schema.<\/p>","protected":false},"excerpt":{"rendered":"<p>Shipping Costs and Delivery Times Safe and Secure Delivery: Your order will be shipped using trusted carriers such as PostNL or DHL. The delivery duration may vary depending on your location. Once your package leaves our facility, you&#8217;ll receive an email notification with a tracking number. Rest assured, all our packages are insured during transit. [&hellip;]<\/p>\n","protected":false},"author":2,"featured_media":0,"parent":0,"menu_order":0,"comment_status":"closed","ping_status":"closed","template":"","meta":{"footnotes":""},"class_list":["post-690","page","type-page","status-publish","hentry"],"yoast_head":"<!-- This site is optimized with the Yoast SEO Premium plugin v21.8 (Yoast SEO v27.5) - https:\/\/yoast.com\/product\/yoast-seo-premium-wordpress\/ -->\n<title>Shipping Policy - RROJA Jewels<\/title>\n<meta name=\"robots\" content=\"index, follow, max-snippet:-1, max-image-preview:large, max-video-preview:-1\" \/>\n<link rel=\"canonical\" href=\"https:\/\/rroja.com\/sv\/shipping-policy\/\" \/>\n<meta property=\"og:locale\" content=\"sv_SE\" \/>\n<meta property=\"og:type\" content=\"article\" \/>\n<meta property=\"og:title\" content=\"Shipping Policy\" \/>\n<meta property=\"og:description\" content=\"Shipping Costs and Delivery Times Safe and Secure Delivery: Your order will be shipped using trusted carriers such as PostNL or DHL. The delivery duration may vary depending on your location. Once your package leaves our facility, you&#8217;ll receive an email notification with a tracking number. Rest assured, all our packages are insured during transit. [&hellip;]\" \/>\n<meta property=\"og:url\" content=\"https:\/\/rroja.com\/sv\/shipping-policy\/\" \/>\n<meta property=\"og:site_name\" content=\"RROJA Jewels\" \/>\n<meta name=\"twitter:card\" content=\"summary_large_image\" \/>\n<meta name=\"twitter:label1\" content=\"Ber\u00e4knad l\u00e4stid\" \/>\n\t<meta name=\"twitter:data1\" content=\"2 minuter\" \/>\n<script type=\"application\/ld+json\" class=\"yoast-schema-graph\">{\"@context\":\"https:\\\/\\\/schema.org\",\"@graph\":[{\"@type\":\"WebPage\",\"@id\":\"https:\\\/\\\/rroja.com\\\/shipping-policy\\\/\",\"url\":\"https:\\\/\\\/rroja.com\\\/shipping-policy\\\/\",\"name\":\"Shipping Policy - RROJA Jewels\",\"isPartOf\":{\"@id\":\"https:\\\/\\\/rroja.com\\\/#website\"},\"datePublished\":\"2023-11-20T09:31:53+00:00\",\"breadcrumb\":{\"@id\":\"https:\\\/\\\/rroja.com\\\/shipping-policy\\\/#breadcrumb\"},\"inLanguage\":\"sv-SE\",\"potentialAction\":[{\"@type\":\"ReadAction\",\"target\":[\"https:\\\/\\\/rroja.com\\\/shipping-policy\\\/\"]}]},{\"@type\":\"BreadcrumbList\",\"@id\":\"https:\\\/\\\/rroja.com\\\/shipping-policy\\\/#breadcrumb\",\"itemListElement\":[{\"@type\":\"ListItem\",\"position\":1,\"name\":\"Home\",\"item\":\"https:\\\/\\\/rroja.com\\\/\"},{\"@type\":\"ListItem\",\"position\":2,\"name\":\"Shipping Policy\"}]},{\"@type\":\"WebSite\",\"@id\":\"https:\\\/\\\/rroja.com\\\/#website\",\"url\":\"https:\\\/\\\/rroja.com\\\/\",\"name\":\"RROJA Jewels\",\"description\":\"\",\"publisher\":{\"@id\":\"https:\\\/\\\/rroja.com\\\/#organization\"},\"potentialAction\":[{\"@type\":\"SearchAction\",\"target\":{\"@type\":\"EntryPoint\",\"urlTemplate\":\"https:\\\/\\\/rroja.com\\\/?s={search_term_string}\"},\"query-input\":{\"@type\":\"PropertyValueSpecification\",\"valueRequired\":true,\"valueName\":\"search_term_string\"}}],\"inLanguage\":\"sv-SE\"},{\"@type\":\"Organization\",\"@id\":\"https:\\\/\\\/rroja.com\\\/#organization\",\"name\":\"RROJA Jewels\",\"url\":\"https:\\\/\\\/rroja.com\\\/\",\"logo\":{\"@type\":\"ImageObject\",\"inLanguage\":\"sv-SE\",\"@id\":\"https:\\\/\\\/rroja.com\\\/#\\\/schema\\\/logo\\\/image\\\/\",\"url\":\"https:\\\/\\\/rroja.com\\\/wp-content\\\/uploads\\\/cropped-Logo_RROJA.png\",\"contentUrl\":\"https:\\\/\\\/rroja.com\\\/wp-content\\\/uploads\\\/cropped-Logo_RROJA.png\",\"width\":470,\"height\":110,\"caption\":\"RROJA Jewels\"},\"image\":{\"@id\":\"https:\\\/\\\/rroja.com\\\/#\\\/schema\\\/logo\\\/image\\\/\"}}]}<\/script>\n<!-- \/ Yoast SEO Premium plugin. -->","yoast_head_json":{"title":"Fraktpolicy - RROJA Jewels","robots":{"index":"index","follow":"follow","max-snippet":"max-snippet:-1","max-image-preview":"max-image-preview:large","max-video-preview":"max-video-preview:-1"},"canonical":"https:\/\/rroja.com\/sv\/shipping-policy\/","og_locale":"sv_SE","og_type":"article","og_title":"Shipping Policy","og_description":"Shipping Costs and Delivery Times Safe and Secure Delivery: Your order will be shipped using trusted carriers such as PostNL or DHL. The delivery duration may vary depending on your location. Once your package leaves our facility, you&#8217;ll receive an email notification with a tracking number. Rest assured, all our packages are insured during transit. [&hellip;]","og_url":"https:\/\/rroja.com\/sv\/shipping-policy\/","og_site_name":"RROJA Jewels","twitter_card":"summary_large_image","twitter_misc":{"Ber\u00e4knad l\u00e4stid":"2 minuter"},"schema":{"@context":"https:\/\/schema.org","@graph":[{"@type":"WebPage","@id":"https:\/\/rroja.com\/shipping-policy\/","url":"https:\/\/rroja.com\/shipping-policy\/","name":"Fraktpolicy - RROJA Jewels","isPartOf":{"@id":"https:\/\/rroja.com\/#website"},"datePublished":"2023-11-20T09:31:53+00:00","breadcrumb":{"@id":"https:\/\/rroja.com\/shipping-policy\/#breadcrumb"},"inLanguage":"sv-SE","potentialAction":[{"@type":"ReadAction","target":["https:\/\/rroja.com\/shipping-policy\/"]}]},{"@type":"BreadcrumbList","@id":"https:\/\/rroja.com\/shipping-policy\/#breadcrumb","itemListElement":[{"@type":"ListItem","position":1,"name":"Home","item":"https:\/\/rroja.com\/"},{"@type":"ListItem","position":2,"name":"Shipping Policy"}]},{"@type":"WebSite","@id":"https:\/\/rroja.com\/#website","url":"https:\/\/rroja.com\/","name":"RROJA Jewels","description":"","publisher":{"@id":"https:\/\/rroja.com\/#organization"},"potentialAction":[{"@type":"SearchAction","target":{"@type":"EntryPoint","urlTemplate":"https:\/\/rroja.com\/?s={search_term_string}"},"query-input":{"@type":"PropertyValueSpecification","valueRequired":true,"valueName":"search_term_string"}}],"inLanguage":"sv-SE"},{"@type":"Organization","@id":"https:\/\/rroja.com\/#organization","name":"RROJA Jewels","url":"https:\/\/rroja.com\/","logo":{"@type":"ImageObject","inLanguage":"sv-SE","@id":"https:\/\/rroja.com\/#\/schema\/logo\/image\/","url":"https:\/\/rroja.com\/wp-content\/uploads\/cropped-Logo_RROJA.png","contentUrl":"https:\/\/rroja.com\/wp-content\/uploads\/cropped-Logo_RROJA.png","width":470,"height":110,"caption":"RROJA Jewels"},"image":{"@id":"https:\/\/rroja.com\/#\/schema\/logo\/image\/"}}]}},"_links":{"self":[{"href":"https:\/\/rroja.com\/sv\/wp-json\/wp\/v2\/pages\/690","targetHints":{"allow":["GET"]}}],"collection":[{"href":"https:\/\/rroja.com\/sv\/wp-json\/wp\/v2\/pages"}],"about":[{"href":"https:\/\/rroja.com\/sv\/wp-json\/wp\/v2\/types\/page"}],"author":[{"embeddable":true,"href":"https:\/\/rroja.com\/sv\/wp-json\/wp\/v2\/users\/2"}],"replies":[{"embeddable":true,"href":"https:\/\/rroja.com\/sv\/wp-json\/wp\/v2\/comments?post=690"}],"version-history":[{"count":1,"href":"https:\/\/rroja.com\/sv\/wp-json\/wp\/v2\/pages\/690\/revisions"}],"predecessor-version":[{"id":691,"href":"https:\/\/rroja.com\/sv\/wp-json\/wp\/v2\/pages\/690\/revisions\/691"}],"wp:attachment":[{"href":"https:\/\/rroja.com\/sv\/wp-json\/wp\/v2\/media?parent=690"}],"curies":[{"name":"wp","href":"https:\/\/api.w.org\/{rel}","templated":true}]}}