{"id":222,"date":"2023-10-27T13:55:58","date_gmt":"2023-10-27T11:55:58","guid":{"rendered":"https:\/\/rroja.com\/?page_id=222"},"modified":"2024-02-27T23:53:26","modified_gmt":"2024-02-27T22:53:26","slug":"about-rroja-jewels","status":"publish","type":"page","link":"https:\/\/rroja.com\/tr\/about-rroja-jewels\/","title":{"rendered":"RROJA Jewels Hakk\u0131nda"},"content":{"rendered":"<p>Zarafet ve \u0131\u015f\u0131lt\u0131n\u0131n enfes d\u00fcnyas\u0131na ho\u015f geldiniz - hayallerin s\u00fcslere d\u00f6n\u00fc\u015ft\u00fc\u011f\u00fc ve arzular\u0131n \u0131\u015f\u0131lt\u0131l\u0131 v\u00fccut buldu\u011fu yer. L\u00fcks\u00fcn uzmanlar\u0131 i\u00e7in \u00f6zenle se\u00e7ilmi\u015f, zamans\u0131z bir sanat ve incelik senfonisini gururla sunuyoruz: RROJA Jewels<\/p>\n\n\n\n<p>RROJA Jewels olarak, her m\u00fccevher par\u00e7as\u0131n\u0131n bir hikaye anlatt\u0131\u011f\u0131na inan\u0131yoruz - tutku, azim ve g\u00fczellik aray\u0131\u015f\u0131n\u0131n hikayesi. Koleksiyonumuz, hayal kurmaya cesaret eden, benzersiz yolculuklar\u0131n\u0131 kucaklayan ve hayat\u0131n en de\u011ferli anlar\u0131n\u0131 bir zenginlik dokunu\u015fuyla kutlayanlara bir \u00f6vg\u00fc niteli\u011findedir.<\/p>\n\n\n\n<p>Zanaatk\u00e2rl\u0131\u011f\u0131n sadece yaratman\u0131n \u00f6tesine ge\u00e7ti\u011fi, her m\u00fccevherin zanaatk\u00e2rlar\u0131m\u0131z\u0131n ustal\u0131\u011f\u0131n\u0131n anlaml\u0131 bir kan\u0131t\u0131 oldu\u011fu bir d\u00fcnyaya ad\u0131m at\u0131n. Se\u00e7kimiz, arzular\u0131n\u0131z\u0131n cazibesini yakalamak i\u00e7in titizlikle se\u00e7ilen ve kusursuz bir \u015fekilde ayarlanan yaln\u0131zca en se\u00e7kin de\u011ferli ta\u015flara sahiptir. Her bir par\u00e7a bir sanat eseri, gelenek ve yenili\u011fin birle\u015fiminin bir kan\u0131t\u0131d\u0131r.<\/p>\n\n\n\n<p>Maddi savurganl\u0131\u011f\u0131n \u00f6tesinde, m\u00fccevherlerimiz ilham ruhunu temsil eder. Bir \u0131\u015f\u0131k feneri gibi, size kendi parlakl\u0131\u011f\u0131n\u0131z\u0131 hat\u0131rlat\u0131r, bireyselli\u011finizi benimsemeniz ve i\u00e7inizdeki ola\u011fan\u00fcst\u00fc olan\u0131 kucaklaman\u0131z i\u00e7in sizi cesaretlendirir. T\u0131pk\u0131 bir elmas\u0131n bask\u0131dan kurtularak \u0131\u015f\u0131l \u0131\u015f\u0131l parlamas\u0131 gibi, siz de zorluklar\u0131n \u00fcstesinden gelebilir ve e\u015fsiz parlakl\u0131\u011f\u0131n\u0131z\u0131 yayabilirsiniz.<\/p>\n\n\n\n<p>Markam\u0131z bir var\u0131\u015f noktas\u0131ndan daha fazlas\u0131d\u0131r - bir \u00f6zlem s\u0131\u011f\u0131na\u011f\u0131, \u00f6zlemlerinizi hayal edebilece\u011finiz ve onlar\u0131 ger\u00e7e\u011fe d\u00f6n\u00fc\u015ft\u00fcrebilece\u011finiz bir yerdir. Koleksiyonlar\u0131m\u0131z\u0131 yaln\u0131zca biblo olarak de\u011fil, ba\u015far\u0131, azim ve kendini ke\u015ffetme yolculu\u011funuzda size e\u015flik edecek birer yol arkada\u015f\u0131 olarak ke\u015ffedin. Her bir par\u00e7an\u0131n size en iyisini hak etti\u011finizi, kaderinizi zarafet ve tarzla \u015fekillendirme g\u00fcc\u00fcne sahip oldu\u011funuzu hat\u0131rlatmas\u0131na izin verin.<\/p>\n\n\n\n<p>Hayat\u0131n\u0131z\u0131n b\u00fcy\u00fck ve k\u00fc\u00e7\u00fck d\u00f6n\u00fcm noktalar\u0131n\u0131, ki\u015fisel hikayenizin ayr\u0131lmaz bir par\u00e7as\u0131 haline gelen par\u00e7alarla kutlarken bize kat\u0131l\u0131n. \u0130ster zarafetinizi \u00f6zetleyen zarif bir kolye, ister g\u00fcc\u00fcn\u00fcz\u00fc simgeleyen p\u0131rlanta bir y\u00fcz\u00fck ya da \u0131\u015f\u0131lt\u0131n\u0131z\u0131 yans\u0131tan bir \u00e7ift k\u00fcpe olsun, koleksiyonumuz ve \u00f6zel i\u015f\u00e7ili\u011fimiz benzersiz kimli\u011finizin her y\u00f6n\u00fc i\u00e7in bir \u015feyler sunuyor.<\/p>\n\n\n\n<p>Bu nedenle, sanal koridorlar\u0131m\u0131zda sadece m\u00fccevher sat\u0131n almad\u0131\u011f\u0131n\u0131z\u0131 bilerek dola\u015f\u0131n - kendinize yat\u0131r\u0131m yap\u0131yorsunuz, kendinizin en iyi versiyonu olma yolculu\u011funu kucakl\u0131yorsunuz. L\u00fcks\u00fcn ilhamla bulu\u015ftu\u011fu ve her bir par\u00e7an\u0131n anlaml\u0131 bir hat\u0131rlatma oldu\u011fu RROJA Jewels'a ho\u015f geldiniz: Siz bir m\u00fccevhersiniz, bir harikas\u0131n\u0131z, ortaya \u00e7\u0131kar\u0131lmay\u0131 bekleyen \u00fcst d\u00fczey bir yarat\u0131ms\u0131n\u0131z.<\/p>","protected":false},"excerpt":{"rendered":"<p>Welcome to our exquisite realm of elegance and brilliance \u2013 where dreams become adornments and aspirations find their shimmering embodiment. We proudly present a symphony of timeless artistry and sophistication, carefully curated for connoisseurs of luxury: RROJA Jewels At RROJA Jewels, we believe that every piece of jewelry tells a story \u2013 a tale of [&hellip;]<\/p>\n","protected":false},"author":2,"featured_media":0,"parent":0,"menu_order":2,"comment_status":"closed","ping_status":"closed","template":"","meta":{"footnotes":""},"class_list":["post-222","page","type-page","status-publish","hentry"],"yoast_head":"<!-- This site is optimized with the Yoast SEO Premium plugin v21.8 (Yoast SEO v27.5) - https:\/\/yoast.com\/product\/yoast-seo-premium-wordpress\/ -->\n<title>About RROJA Jewels - RROJA Jewels<\/title>\n<meta name=\"robots\" content=\"index, follow, max-snippet:-1, max-image-preview:large, max-video-preview:-1\" \/>\n<link rel=\"canonical\" href=\"https:\/\/rroja.com\/tr\/about-rroja-jewels\/\" \/>\n<meta property=\"og:locale\" content=\"tr_TR\" \/>\n<meta property=\"og:type\" content=\"article\" \/>\n<meta property=\"og:title\" content=\"About RROJA Jewels\" \/>\n<meta property=\"og:description\" content=\"Welcome to our exquisite realm of elegance and brilliance \u2013 where dreams become adornments and aspirations find their shimmering embodiment. We proudly present a symphony of timeless artistry and sophistication, carefully curated for connoisseurs of luxury: RROJA Jewels At RROJA Jewels, we believe that every piece of jewelry tells a story \u2013 a tale of [&hellip;]\" \/>\n<meta property=\"og:url\" content=\"https:\/\/rroja.com\/tr\/about-rroja-jewels\/\" \/>\n<meta property=\"og:site_name\" content=\"RROJA Jewels\" \/>\n<meta property=\"article:modified_time\" content=\"2024-02-27T22:53:26+00:00\" \/>\n<meta name=\"twitter:card\" content=\"summary_large_image\" \/>\n<meta name=\"twitter:label1\" content=\"Tahmini okuma s\u00fcresi\" \/>\n\t<meta name=\"twitter:data1\" content=\"2 dakika\" \/>\n<script type=\"application\/ld+json\" class=\"yoast-schema-graph\">{\"@context\":\"https:\\\/\\\/schema.org\",\"@graph\":[{\"@type\":\"WebPage\",\"@id\":\"https:\\\/\\\/rroja.com\\\/about-rroja-jewels\\\/\",\"url\":\"https:\\\/\\\/rroja.com\\\/about-rroja-jewels\\\/\",\"name\":\"About RROJA Jewels - RROJA Jewels\",\"isPartOf\":{\"@id\":\"https:\\\/\\\/rroja.com\\\/#website\"},\"datePublished\":\"2023-10-27T11:55:58+00:00\",\"dateModified\":\"2024-02-27T22:53:26+00:00\",\"breadcrumb\":{\"@id\":\"https:\\\/\\\/rroja.com\\\/about-rroja-jewels\\\/#breadcrumb\"},\"inLanguage\":\"tr\",\"potentialAction\":[{\"@type\":\"ReadAction\",\"target\":[\"https:\\\/\\\/rroja.com\\\/about-rroja-jewels\\\/\"]}]},{\"@type\":\"BreadcrumbList\",\"@id\":\"https:\\\/\\\/rroja.com\\\/about-rroja-jewels\\\/#breadcrumb\",\"itemListElement\":[{\"@type\":\"ListItem\",\"position\":1,\"name\":\"Home\",\"item\":\"https:\\\/\\\/rroja.com\\\/\"},{\"@type\":\"ListItem\",\"position\":2,\"name\":\"About RROJA Jewels\"}]},{\"@type\":\"WebSite\",\"@id\":\"https:\\\/\\\/rroja.com\\\/#website\",\"url\":\"https:\\\/\\\/rroja.com\\\/\",\"name\":\"RROJA Jewels\",\"description\":\"\",\"publisher\":{\"@id\":\"https:\\\/\\\/rroja.com\\\/#organization\"},\"potentialAction\":[{\"@type\":\"SearchAction\",\"target\":{\"@type\":\"EntryPoint\",\"urlTemplate\":\"https:\\\/\\\/rroja.com\\\/?s={search_term_string}\"},\"query-input\":{\"@type\":\"PropertyValueSpecification\",\"valueRequired\":true,\"valueName\":\"search_term_string\"}}],\"inLanguage\":\"tr\"},{\"@type\":\"Organization\",\"@id\":\"https:\\\/\\\/rroja.com\\\/#organization\",\"name\":\"RROJA Jewels\",\"url\":\"https:\\\/\\\/rroja.com\\\/\",\"logo\":{\"@type\":\"ImageObject\",\"inLanguage\":\"tr\",\"@id\":\"https:\\\/\\\/rroja.com\\\/#\\\/schema\\\/logo\\\/image\\\/\",\"url\":\"https:\\\/\\\/rroja.com\\\/wp-content\\\/uploads\\\/cropped-Logo_RROJA.png\",\"contentUrl\":\"https:\\\/\\\/rroja.com\\\/wp-content\\\/uploads\\\/cropped-Logo_RROJA.png\",\"width\":470,\"height\":110,\"caption\":\"RROJA Jewels\"},\"image\":{\"@id\":\"https:\\\/\\\/rroja.com\\\/#\\\/schema\\\/logo\\\/image\\\/\"}}]}<\/script>\n<!-- \/ Yoast SEO Premium plugin. -->","yoast_head_json":{"title":"About RROJA Jewels - RROJA Jewels","robots":{"index":"index","follow":"follow","max-snippet":"max-snippet:-1","max-image-preview":"max-image-preview:large","max-video-preview":"max-video-preview:-1"},"canonical":"https:\/\/rroja.com\/tr\/about-rroja-jewels\/","og_locale":"tr_TR","og_type":"article","og_title":"About RROJA Jewels","og_description":"Welcome to our exquisite realm of elegance and brilliance \u2013 where dreams become adornments and aspirations find their shimmering embodiment. We proudly present a symphony of timeless artistry and sophistication, carefully curated for connoisseurs of luxury: RROJA Jewels At RROJA Jewels, we believe that every piece of jewelry tells a story \u2013 a tale of [&hellip;]","og_url":"https:\/\/rroja.com\/tr\/about-rroja-jewels\/","og_site_name":"RROJA Jewels","article_modified_time":"2024-02-27T22:53:26+00:00","twitter_card":"summary_large_image","twitter_misc":{"Tahmini okuma s\u00fcresi":"2 dakika"},"schema":{"@context":"https:\/\/schema.org","@graph":[{"@type":"WebPage","@id":"https:\/\/rroja.com\/about-rroja-jewels\/","url":"https:\/\/rroja.com\/about-rroja-jewels\/","name":"About RROJA Jewels - RROJA Jewels","isPartOf":{"@id":"https:\/\/rroja.com\/#website"},"datePublished":"2023-10-27T11:55:58+00:00","dateModified":"2024-02-27T22:53:26+00:00","breadcrumb":{"@id":"https:\/\/rroja.com\/about-rroja-jewels\/#breadcrumb"},"inLanguage":"tr","potentialAction":[{"@type":"ReadAction","target":["https:\/\/rroja.com\/about-rroja-jewels\/"]}]},{"@type":"BreadcrumbList","@id":"https:\/\/rroja.com\/about-rroja-jewels\/#breadcrumb","itemListElement":[{"@type":"ListItem","position":1,"name":"Home","item":"https:\/\/rroja.com\/"},{"@type":"ListItem","position":2,"name":"About RROJA Jewels"}]},{"@type":"WebSite","@id":"https:\/\/rroja.com\/#website","url":"https:\/\/rroja.com\/","name":"RROJA Jewels","description":"","publisher":{"@id":"https:\/\/rroja.com\/#organization"},"potentialAction":[{"@type":"SearchAction","target":{"@type":"EntryPoint","urlTemplate":"https:\/\/rroja.com\/?s={search_term_string}"},"query-input":{"@type":"PropertyValueSpecification","valueRequired":true,"valueName":"search_term_string"}}],"inLanguage":"tr"},{"@type":"Organization","@id":"https:\/\/rroja.com\/#organization","name":"RROJA Jewels","url":"https:\/\/rroja.com\/","logo":{"@type":"ImageObject","inLanguage":"tr","@id":"https:\/\/rroja.com\/#\/schema\/logo\/image\/","url":"https:\/\/rroja.com\/wp-content\/uploads\/cropped-Logo_RROJA.png","contentUrl":"https:\/\/rroja.com\/wp-content\/uploads\/cropped-Logo_RROJA.png","width":470,"height":110,"caption":"RROJA Jewels"},"image":{"@id":"https:\/\/rroja.com\/#\/schema\/logo\/image\/"}}]}},"_links":{"self":[{"href":"https:\/\/rroja.com\/tr\/wp-json\/wp\/v2\/pages\/222","targetHints":{"allow":["GET"]}}],"collection":[{"href":"https:\/\/rroja.com\/tr\/wp-json\/wp\/v2\/pages"}],"about":[{"href":"https:\/\/rroja.com\/tr\/wp-json\/wp\/v2\/types\/page"}],"author":[{"embeddable":true,"href":"https:\/\/rroja.com\/tr\/wp-json\/wp\/v2\/users\/2"}],"replies":[{"embeddable":true,"href":"https:\/\/rroja.com\/tr\/wp-json\/wp\/v2\/comments?post=222"}],"version-history":[{"count":2,"href":"https:\/\/rroja.com\/tr\/wp-json\/wp\/v2\/pages\/222\/revisions"}],"predecessor-version":[{"id":2693,"href":"https:\/\/rroja.com\/tr\/wp-json\/wp\/v2\/pages\/222\/revisions\/2693"}],"wp:attachment":[{"href":"https:\/\/rroja.com\/tr\/wp-json\/wp\/v2\/media?parent=222"}],"curies":[{"name":"wp","href":"https:\/\/api.w.org\/{rel}","templated":true}]}}